{"id":1251,"date":"2017-01-11T21:45:56","date_gmt":"2017-01-11T21:45:56","guid":{"rendered":"https:\/\/sortiesnature78.wordpress.com\/?page_id=1251"},"modified":"2017-01-11T21:45:56","modified_gmt":"2017-01-11T21:45:56","slug":"etoiles","status":"publish","type":"page","link":"https:\/\/sortiesnature78.com\/?page_id=1251","title":{"rendered":"Etoiles"},"content":{"rendered":"<p>\u00ab\u00a0\u00c9toiles et Constellations\u00a0\u00bb<\/p>\n<p><span class=\"4n-j\">Qu&rsquo;est-ce qu&rsquo;une \u00e9toile ? Quelle histoire aux constellations ? Comment les reconna\u00eetre ? Voici des questions abord\u00e9es durant cet Atelier Nature. Les enfants partiront avec un petit projecteur de constellations.<\/span><img loading=\"lazy\" decoding=\"async\" class=\"size-medium wp-image-1225 aligncenter\" src=\"https:\/\/sortiesnature78.files.wordpress.com\/2017\/01\/collage-2.jpg?w=300\" alt=\"collage-2\" width=\"300\" height=\"240\" srcset=\"https:\/\/sortiesnature78.com\/wp-content\/uploads\/2017\/01\/collage-2.jpg 1500w, https:\/\/sortiesnature78.com\/wp-content\/uploads\/2017\/01\/collage-2-300x240.jpg 300w, https:\/\/sortiesnature78.com\/wp-content\/uploads\/2017\/01\/collage-2-1024x819.jpg 1024w, https:\/\/sortiesnature78.com\/wp-content\/uploads\/2017\/01\/collage-2-768x614.jpg 768w\" sizes=\"auto, (max-width: 300px) 100vw, 300px\" \/><\/p>\n","protected":false},"excerpt":{"rendered":"<p>\u00ab\u00a0\u00c9toiles et Constellations\u00a0\u00bb Qu&rsquo;est-ce qu&rsquo;une \u00e9toile ? Quelle histoire aux constellations ? Comment les reconna\u00eetre ? Voici des questions abord\u00e9es durant cet Atelier Nature. Les enfants partiront avec un petit projecteur de constellations.<\/p>\n","protected":false},"author":2,"featured_media":1226,"parent":514,"menu_order":0,"comment_status":"closed","ping_status":"closed","template":"","meta":{"footnotes":""},"class_list":["post-1251","page","type-page","status-publish","has-post-thumbnail","hentry"],"jetpack_sharing_enabled":true,"_links":{"self":[{"href":"https:\/\/sortiesnature78.com\/index.php?rest_route=\/wp\/v2\/pages\/1251","targetHints":{"allow":["GET"]}}],"collection":[{"href":"https:\/\/sortiesnature78.com\/index.php?rest_route=\/wp\/v2\/pages"}],"about":[{"href":"https:\/\/sortiesnature78.com\/index.php?rest_route=\/wp\/v2\/types\/page"}],"author":[{"embeddable":true,"href":"https:\/\/sortiesnature78.com\/index.php?rest_route=\/wp\/v2\/users\/2"}],"replies":[{"embeddable":true,"href":"https:\/\/sortiesnature78.com\/index.php?rest_route=%2Fwp%2Fv2%2Fcomments&post=1251"}],"version-history":[{"count":0,"href":"https:\/\/sortiesnature78.com\/index.php?rest_route=\/wp\/v2\/pages\/1251\/revisions"}],"up":[{"embeddable":true,"href":"https:\/\/sortiesnature78.com\/index.php?rest_route=\/wp\/v2\/pages\/514"}],"wp:featuredmedia":[{"embeddable":true,"href":"https:\/\/sortiesnature78.com\/index.php?rest_route=\/wp\/v2\/media\/1226"}],"wp:attachment":[{"href":"https:\/\/sortiesnature78.com\/index.php?rest_route=%2Fwp%2Fv2%2Fmedia&parent=1251"}],"curies":[{"name":"wp","href":"https:\/\/api.w.org\/{rel}","templated":true}]}}