{"id":1424,"date":"2017-02-18T14:44:05","date_gmt":"2017-02-18T14:44:05","guid":{"rendered":"https:\/\/sortiesnature78.wordpress.com\/?page_id=1424"},"modified":"2017-02-18T14:44:05","modified_gmt":"2017-02-18T14:44:05","slug":"herisson","status":"publish","type":"page","link":"https:\/\/sortiesnature78.com\/?page_id=1424","title":{"rendered":"H\u00e9risson"},"content":{"rendered":"<p><span style=\"text-decoration:underline;\">L&rsquo;\u00e9l\u00e9gance du h\u00e9risson<\/span><span style=\"font-size:medium;\"><img loading=\"lazy\" decoding=\"async\" class=\"size-medium wp-image-1292 alignright\" src=\"https:\/\/sortiesnature78.files.wordpress.com\/2017\/01\/2017-01-18d.jpg?w=300\" alt=\"2017-01-18d\" width=\"300\" height=\"169\" \/><\/span><\/p>\n<div><span style=\"font-size:medium;\">Nous ne nous arr\u00eaterons pas aux piquants du h\u00e9risson lors de cet A<\/span><span style=\"font-size:medium;\">telier Nature. Cet animal a<\/span><span style=\"font-size:medium;\">ppr\u00e9ci\u00e9 des enfants sera <\/span><span style=\"font-size:medium;\">pass\u00e9 en revue. Ce sera aussi l&rsquo;occasion de parler d&rsquo;hibernation. Les enfants mettront ensuite \u00e0 l&rsquo;\u00e9preuve leur imagination pour cr\u00e9er leur h\u00e9risson \u00e0 partir de mat\u00e9riaux naturels.<br \/>\n<\/span><\/div>\n","protected":false},"excerpt":{"rendered":"<p>L&rsquo;\u00e9l\u00e9gance du h\u00e9risson Nous ne nous arr\u00eaterons pas aux piquants du h\u00e9risson lors de cet Atelier Nature. Cet animal appr\u00e9ci\u00e9 des enfants sera pass\u00e9 en revue. Ce sera aussi l&rsquo;occasion de parler d&rsquo;hibernation. Les enfants mettront ensuite \u00e0 l&rsquo;\u00e9preuve leur imagination pour cr\u00e9er leur h\u00e9risson \u00e0 partir de mat\u00e9riaux naturels.<\/p>\n","protected":false},"author":2,"featured_media":1291,"parent":514,"menu_order":0,"comment_status":"closed","ping_status":"closed","template":"","meta":{"footnotes":""},"class_list":["post-1424","page","type-page","status-publish","has-post-thumbnail","hentry"],"jetpack_sharing_enabled":true,"_links":{"self":[{"href":"https:\/\/sortiesnature78.com\/index.php?rest_route=\/wp\/v2\/pages\/1424","targetHints":{"allow":["GET"]}}],"collection":[{"href":"https:\/\/sortiesnature78.com\/index.php?rest_route=\/wp\/v2\/pages"}],"about":[{"href":"https:\/\/sortiesnature78.com\/index.php?rest_route=\/wp\/v2\/types\/page"}],"author":[{"embeddable":true,"href":"https:\/\/sortiesnature78.com\/index.php?rest_route=\/wp\/v2\/users\/2"}],"replies":[{"embeddable":true,"href":"https:\/\/sortiesnature78.com\/index.php?rest_route=%2Fwp%2Fv2%2Fcomments&post=1424"}],"version-history":[{"count":0,"href":"https:\/\/sortiesnature78.com\/index.php?rest_route=\/wp\/v2\/pages\/1424\/revisions"}],"up":[{"embeddable":true,"href":"https:\/\/sortiesnature78.com\/index.php?rest_route=\/wp\/v2\/pages\/514"}],"wp:featuredmedia":[{"embeddable":true,"href":"https:\/\/sortiesnature78.com\/index.php?rest_route=\/wp\/v2\/media\/1291"}],"wp:attachment":[{"href":"https:\/\/sortiesnature78.com\/index.php?rest_route=%2Fwp%2Fv2%2Fmedia&parent=1424"}],"curies":[{"name":"wp","href":"https:\/\/api.w.org\/{rel}","templated":true}]}}