{"id":1434,"date":"2017-02-18T15:16:45","date_gmt":"2017-02-18T15:16:45","guid":{"rendered":"https:\/\/sortiesnature78.wordpress.com\/?page_id=1434"},"modified":"2017-02-18T15:16:45","modified_gmt":"2017-02-18T15:16:45","slug":"fabriquons-du-papier","status":"publish","type":"page","link":"https:\/\/sortiesnature78.com\/?page_id=1434","title":{"rendered":"Fabriquons du papier !"},"content":{"rendered":"<p><span style=\"text-decoration:underline;\">Fabriquons du papier !<\/span><img loading=\"lazy\" decoding=\"async\" class=\"size-medium wp-image-1401 alignright\" src=\"https:\/\/sortiesnature78.files.wordpress.com\/2017\/02\/2017-02-papier1.jpg?w=300\" alt=\"2017-02-papier1\" width=\"300\" height=\"200\" srcset=\"https:\/\/sortiesnature78.com\/wp-content\/uploads\/2017\/02\/2017-02-papier1.jpg 900w, https:\/\/sortiesnature78.com\/wp-content\/uploads\/2017\/02\/2017-02-papier1-300x200.jpg 300w, https:\/\/sortiesnature78.com\/wp-content\/uploads\/2017\/02\/2017-02-papier1-768x512.jpg 768w\" sizes=\"auto, (max-width: 300px) 100vw, 300px\" \/><\/p>\n<p>Pendant que du papier \u00e0 recycler trempera dans un bac d&rsquo;eau, nous parlerons des diff\u00e9rents supports de l&rsquo;\u00e9criture qui se sont succ\u00e9d\u00e9s dans l&rsquo;histoire. Nous fabriquerons ensuite du papier et chaque enfant pourra d\u00e9corer sa carte avec des feuilles s\u00e9ch\u00e9es.<\/p>\n<p>&nbsp;<\/p>\n","protected":false},"excerpt":{"rendered":"<p>Fabriquons du papier ! Pendant que du papier \u00e0 recycler trempera dans un bac d&rsquo;eau, nous parlerons des diff\u00e9rents supports de l&rsquo;\u00e9criture qui se sont succ\u00e9d\u00e9s dans l&rsquo;histoire. Nous fabriquerons ensuite du papier et chaque enfant pourra d\u00e9corer sa carte avec des feuilles s\u00e9ch\u00e9es. &nbsp;<\/p>\n","protected":false},"author":2,"featured_media":1307,"parent":514,"menu_order":0,"comment_status":"closed","ping_status":"closed","template":"","meta":{"footnotes":""},"class_list":["post-1434","page","type-page","status-publish","has-post-thumbnail","hentry"],"jetpack_sharing_enabled":true,"_links":{"self":[{"href":"https:\/\/sortiesnature78.com\/index.php?rest_route=\/wp\/v2\/pages\/1434","targetHints":{"allow":["GET"]}}],"collection":[{"href":"https:\/\/sortiesnature78.com\/index.php?rest_route=\/wp\/v2\/pages"}],"about":[{"href":"https:\/\/sortiesnature78.com\/index.php?rest_route=\/wp\/v2\/types\/page"}],"author":[{"embeddable":true,"href":"https:\/\/sortiesnature78.com\/index.php?rest_route=\/wp\/v2\/users\/2"}],"replies":[{"embeddable":true,"href":"https:\/\/sortiesnature78.com\/index.php?rest_route=%2Fwp%2Fv2%2Fcomments&post=1434"}],"version-history":[{"count":0,"href":"https:\/\/sortiesnature78.com\/index.php?rest_route=\/wp\/v2\/pages\/1434\/revisions"}],"up":[{"embeddable":true,"href":"https:\/\/sortiesnature78.com\/index.php?rest_route=\/wp\/v2\/pages\/514"}],"wp:featuredmedia":[{"embeddable":true,"href":"https:\/\/sortiesnature78.com\/index.php?rest_route=\/wp\/v2\/media\/1307"}],"wp:attachment":[{"href":"https:\/\/sortiesnature78.com\/index.php?rest_route=%2Fwp%2Fv2%2Fmedia&parent=1434"}],"curies":[{"name":"wp","href":"https:\/\/api.w.org\/{rel}","templated":true}]}}