{"id":1751,"date":"2017-04-16T16:49:33","date_gmt":"2017-04-16T16:49:33","guid":{"rendered":"https:\/\/sortiesnature78.wordpress.com\/?page_id=1751"},"modified":"2017-04-16T16:49:33","modified_gmt":"2017-04-16T16:49:33","slug":"ecocitoyennete","status":"publish","type":"page","link":"https:\/\/sortiesnature78.com\/?page_id=1751","title":{"rendered":"Ecocitoyennet\u00e9"},"content":{"rendered":"<p>Deux Ateliers Ecocitoyens sont r\u00e9guli\u00e8rement propos\u00e9s :<\/p>\n<p><img loading=\"lazy\" decoding=\"async\" class=\"wp-image-1401 size-medium alignright\" src=\"https:\/\/sortiesnature78.files.wordpress.com\/2017\/02\/2017-02-papier1.jpg?w=300\" alt=\"\" width=\"300\" height=\"200\" srcset=\"https:\/\/sortiesnature78.com\/wp-content\/uploads\/2017\/02\/2017-02-papier1.jpg 900w, https:\/\/sortiesnature78.com\/wp-content\/uploads\/2017\/02\/2017-02-papier1-300x200.jpg 300w, https:\/\/sortiesnature78.com\/wp-content\/uploads\/2017\/02\/2017-02-papier1-768x512.jpg 768w\" sizes=\"auto, (max-width: 300px) 100vw, 300px\" \/>\u00ab\u00a0Fabriquons du papier recycl\u00e9\u00a0\u00bb<\/p>\n<p>Pendant que du papier \u00e0 recycler trempera dans un bac d\u2019eau, nous parlerons des diff\u00e9rents supports de l\u2019\u00e9criture qui se sont succ\u00e9d\u00e9s dans l\u2019histoire. Nous fabriquerons ensuite du papier et chaque enfant pourra d\u00e9corer sa carte avec des feuilles s\u00e9ch\u00e9es.<\/p>\n<p><span class=\"4n-j\">\u00ab\u00a0Fabriquons des tawashis\u00a0\u00bb <img loading=\"lazy\" decoding=\"async\" class=\"alignright wp-image-1753 size-medium\" src=\"http:\/\/sortiesnature78.com\/wp-content\/uploads\/2017\/04\/sortiesnature78-tawashi5.jpg?w=300\" alt=\"\" width=\"300\" height=\"200\" srcset=\"https:\/\/sortiesnature78.com\/wp-content\/uploads\/2017\/04\/sortiesnature78-tawashi5.jpg 900w, https:\/\/sortiesnature78.com\/wp-content\/uploads\/2017\/04\/sortiesnature78-tawashi5-300x200.jpg 300w, https:\/\/sortiesnature78.com\/wp-content\/uploads\/2017\/04\/sortiesnature78-tawashi5-768x512.jpg 768w\" sizes=\"auto, (max-width: 300px) 100vw, 300px\" \/><\/span><\/p>\n<p><span class=\"4n-j\">Les tawashis sont des \u00e9ponges qui peuvent prendre des formes vari\u00e9s. Durant l&rsquo;atelier nous en fabriquerons \u00e0 partir de chaussettes us\u00e9es ou de tee-shirts tach\u00e9s.<br \/>\n<\/span><\/p>\n","protected":false},"excerpt":{"rendered":"<p>Deux Ateliers Ecocitoyens sont r\u00e9guli\u00e8rement propos\u00e9s : \u00ab\u00a0Fabriquons du papier recycl\u00e9\u00a0\u00bb Pendant que du papier \u00e0 recycler trempera dans un bac d\u2019eau, nous parlerons des diff\u00e9rents supports de l\u2019\u00e9criture qui se sont succ\u00e9d\u00e9s dans l\u2019histoire. Nous fabriquerons ensuite du papier et chaque enfant pourra d\u00e9corer sa carte avec des feuilles s\u00e9ch\u00e9es. \u00ab\u00a0Fabriquons des tawashis\u00a0\u00bb Les&#8230; <\/p>\n<div class=\"link-more\"><a href=\"https:\/\/sortiesnature78.com\/?page_id=1751\">En savoir plus<\/a><\/div>\n","protected":false},"author":2,"featured_media":1752,"parent":514,"menu_order":0,"comment_status":"closed","ping_status":"closed","template":"","meta":{"footnotes":""},"class_list":["post-1751","page","type-page","status-publish","has-post-thumbnail","hentry"],"jetpack_sharing_enabled":true,"_links":{"self":[{"href":"https:\/\/sortiesnature78.com\/index.php?rest_route=\/wp\/v2\/pages\/1751","targetHints":{"allow":["GET"]}}],"collection":[{"href":"https:\/\/sortiesnature78.com\/index.php?rest_route=\/wp\/v2\/pages"}],"about":[{"href":"https:\/\/sortiesnature78.com\/index.php?rest_route=\/wp\/v2\/types\/page"}],"author":[{"embeddable":true,"href":"https:\/\/sortiesnature78.com\/index.php?rest_route=\/wp\/v2\/users\/2"}],"replies":[{"embeddable":true,"href":"https:\/\/sortiesnature78.com\/index.php?rest_route=%2Fwp%2Fv2%2Fcomments&post=1751"}],"version-history":[{"count":0,"href":"https:\/\/sortiesnature78.com\/index.php?rest_route=\/wp\/v2\/pages\/1751\/revisions"}],"up":[{"embeddable":true,"href":"https:\/\/sortiesnature78.com\/index.php?rest_route=\/wp\/v2\/pages\/514"}],"wp:featuredmedia":[{"embeddable":true,"href":"https:\/\/sortiesnature78.com\/index.php?rest_route=\/wp\/v2\/media\/1752"}],"wp:attachment":[{"href":"https:\/\/sortiesnature78.com\/index.php?rest_route=%2Fwp%2Fv2%2Fmedia&parent=1751"}],"curies":[{"name":"wp","href":"https:\/\/api.w.org\/{rel}","templated":true}]}}