{"id":405,"date":"2016-07-25T10:46:01","date_gmt":"2016-07-25T10:46:01","guid":{"rendered":"https:\/\/sortiesnature78.wordpress.com\/?page_id=405"},"modified":"2016-07-25T10:46:01","modified_gmt":"2016-07-25T10:46:01","slug":"tarifs","status":"publish","type":"page","link":"https:\/\/sortiesnature78.com\/?page_id=405","title":{"rendered":"Tarifs et CGV"},"content":{"rendered":"<p>Sorties Nature : demandez-moi un devis ! Je propose des balades th\u00e9matiques \u00e0 la demie journ\u00e9e ou encore d&rsquo;1h30 \u00e0 la journ\u00e9e, pour des groupes de 20-25 personnes.<\/p>\n<p>Les conditions g\u00e9n\u00e9rales de vente sont \u00e0 consulter ci-dessous.<\/p>\n<p>\u00a0<\/p>\n\n\n<figure class=\"wp-block-image size-large\"><img loading=\"lazy\" decoding=\"async\" width=\"794\" height=\"1123\" src=\"http:\/\/sortiesnature78.com\/wp-content\/uploads\/2022\/08\/conditionsgeneralesvente-sn78-rnery.jpg?w=724\" alt=\"\" class=\"wp-image-5828\" srcset=\"https:\/\/sortiesnature78.com\/wp-content\/uploads\/2022\/08\/conditionsgeneralesvente-sn78-rnery.jpg 794w, https:\/\/sortiesnature78.com\/wp-content\/uploads\/2022\/08\/conditionsgeneralesvente-sn78-rnery-212x300.jpg 212w, https:\/\/sortiesnature78.com\/wp-content\/uploads\/2022\/08\/conditionsgeneralesvente-sn78-rnery-724x1024.jpg 724w, https:\/\/sortiesnature78.com\/wp-content\/uploads\/2022\/08\/conditionsgeneralesvente-sn78-rnery-768x1086.jpg 768w\" sizes=\"auto, (max-width: 794px) 100vw, 794px\" \/><\/figure>\n","protected":false},"excerpt":{"rendered":"<p>Sorties Nature : demandez-moi un devis ! Je propose des balades th\u00e9matiques \u00e0 la demie journ\u00e9e ou encore d&rsquo;1h30 \u00e0 la journ\u00e9e, pour des groupes de 20-25 personnes. Les conditions g\u00e9n\u00e9rales de vente sont \u00e0 consulter ci-dessous. \u00a0<\/p>\n","protected":false},"author":2,"featured_media":5831,"parent":208,"menu_order":2,"comment_status":"closed","ping_status":"closed","template":"","meta":{"footnotes":""},"class_list":["post-405","page","type-page","status-publish","has-post-thumbnail","hentry"],"jetpack_sharing_enabled":true,"_links":{"self":[{"href":"https:\/\/sortiesnature78.com\/index.php?rest_route=\/wp\/v2\/pages\/405","targetHints":{"allow":["GET"]}}],"collection":[{"href":"https:\/\/sortiesnature78.com\/index.php?rest_route=\/wp\/v2\/pages"}],"about":[{"href":"https:\/\/sortiesnature78.com\/index.php?rest_route=\/wp\/v2\/types\/page"}],"author":[{"embeddable":true,"href":"https:\/\/sortiesnature78.com\/index.php?rest_route=\/wp\/v2\/users\/2"}],"replies":[{"embeddable":true,"href":"https:\/\/sortiesnature78.com\/index.php?rest_route=%2Fwp%2Fv2%2Fcomments&post=405"}],"version-history":[{"count":0,"href":"https:\/\/sortiesnature78.com\/index.php?rest_route=\/wp\/v2\/pages\/405\/revisions"}],"up":[{"embeddable":true,"href":"https:\/\/sortiesnature78.com\/index.php?rest_route=\/wp\/v2\/pages\/208"}],"wp:featuredmedia":[{"embeddable":true,"href":"https:\/\/sortiesnature78.com\/index.php?rest_route=\/wp\/v2\/media\/5831"}],"wp:attachment":[{"href":"https:\/\/sortiesnature78.com\/index.php?rest_route=%2Fwp%2Fv2%2Fmedia&parent=405"}],"curies":[{"name":"wp","href":"https:\/\/api.w.org\/{rel}","templated":true}]}}