{"id":410,"date":"2016-07-25T11:20:40","date_gmt":"2016-07-25T11:20:40","guid":{"rendered":"https:\/\/sortiesnature78.wordpress.com\/?page_id=410"},"modified":"2016-07-25T11:20:40","modified_gmt":"2016-07-25T11:20:40","slug":"themes","status":"publish","type":"page","link":"https:\/\/sortiesnature78.com\/?page_id=410","title":{"rendered":"Th\u00e8mes des sorties"},"content":{"rendered":"<p>Mes th\u00e8mes de pr\u00e9dilection tournent autour des petites b\u00eates. Je peux ainsi d\u00e9cliner la recherche des <strong>insectes<\/strong> avec des th\u00e8mes pr\u00e9cis comme leur mode d&rsquo;alimentation, leur classement scientifique, la fa\u00e7on dont ils grandissent, leur r\u00f4le dans la pollinisation&#8230;<\/p>\n<p>D&rsquo;autres th\u00e9matiques ont d\u00e9j\u00e0 \u00e9t\u00e9 abord\u00e9 lors de sorties ou d&rsquo;ateliers et vous trouverez leur d\u00e9tail dans les onglets du menu. Voici une liste :<\/p>\n<ul>\n<li>\u00e0 la recherche des insectes,<\/li>\n<li>la dangerosit\u00e9 des araign\u00e9es de nos r\u00e9gions,<\/li>\n<li>initiation \u00e0 l&rsquo;ornithologie (les chants, la diff\u00e9rence entre les m\u00e2les et les femelles &#8230;),<\/li>\n<li>la diversit\u00e9 des escargots,<\/li>\n<li>les vers de terre,<\/li>\n<li>reconnaissons les arbres \u00e0 leurs feuilles,<\/li>\n<li>partons \u00e0 la recherche des traces des animaux,<\/li>\n<li>observons les graines des plantes,<\/li>\n<li>cherchons les petites b\u00eates des mares,<\/li>\n<li>&#8230;<\/li>\n<\/ul>\n","protected":false},"excerpt":{"rendered":"<p>Mes th\u00e8mes de pr\u00e9dilection tournent autour des petites b\u00eates. Je peux ainsi d\u00e9cliner la recherche des insectes avec des th\u00e8mes pr\u00e9cis comme leur mode d&rsquo;alimentation, leur classement scientifique, la fa\u00e7on dont ils grandissent, leur r\u00f4le dans la pollinisation&#8230; D&rsquo;autres th\u00e9matiques ont d\u00e9j\u00e0 \u00e9t\u00e9 abord\u00e9 lors de sorties ou d&rsquo;ateliers et vous trouverez leur d\u00e9tail dans&#8230; <\/p>\n<div class=\"link-more\"><a href=\"https:\/\/sortiesnature78.com\/?page_id=410\">En savoir plus<\/a><\/div>\n","protected":false},"author":2,"featured_media":503,"parent":0,"menu_order":0,"comment_status":"closed","ping_status":"closed","template":"","meta":{"footnotes":""},"class_list":["post-410","page","type-page","status-publish","has-post-thumbnail","hentry"],"jetpack_sharing_enabled":true,"_links":{"self":[{"href":"https:\/\/sortiesnature78.com\/index.php?rest_route=\/wp\/v2\/pages\/410","targetHints":{"allow":["GET"]}}],"collection":[{"href":"https:\/\/sortiesnature78.com\/index.php?rest_route=\/wp\/v2\/pages"}],"about":[{"href":"https:\/\/sortiesnature78.com\/index.php?rest_route=\/wp\/v2\/types\/page"}],"author":[{"embeddable":true,"href":"https:\/\/sortiesnature78.com\/index.php?rest_route=\/wp\/v2\/users\/2"}],"replies":[{"embeddable":true,"href":"https:\/\/sortiesnature78.com\/index.php?rest_route=%2Fwp%2Fv2%2Fcomments&post=410"}],"version-history":[{"count":0,"href":"https:\/\/sortiesnature78.com\/index.php?rest_route=\/wp\/v2\/pages\/410\/revisions"}],"wp:featuredmedia":[{"embeddable":true,"href":"https:\/\/sortiesnature78.com\/index.php?rest_route=\/wp\/v2\/media\/503"}],"wp:attachment":[{"href":"https:\/\/sortiesnature78.com\/index.php?rest_route=%2Fwp%2Fv2%2Fmedia&parent=410"}],"curies":[{"name":"wp","href":"https:\/\/api.w.org\/{rel}","templated":true}]}}