{"id":412,"date":"2016-07-25T11:18:38","date_gmt":"2016-07-25T11:18:38","guid":{"rendered":"https:\/\/sortiesnature78.wordpress.com\/?page_id=412"},"modified":"2016-07-25T11:18:38","modified_gmt":"2016-07-25T11:18:38","slug":"insectes","status":"publish","type":"page","link":"https:\/\/sortiesnature78.com\/?page_id=412","title":{"rendered":"Insectes"},"content":{"rendered":"<p><img loading=\"lazy\" decoding=\"async\" class=\"alignnone size-full wp-image-426\" src=\"https:\/\/sortiesnature78.files.wordpress.com\/2016\/07\/timarcha2.jpg\" alt=\"timarcha2.JPG\" width=\"2992\" height=\"2112\" \/><\/p>\n<p>\u00ab\u00a0Cherchez la petite b\u00eate !\u00a0\u00bb<\/p>\n<p><span style=\"font-size:medium;\">Observons les insectes et classons-les : initiation \u00e0 l&rsquo;entomologie. Les enfants (et les accompagnateurs et accompagnatrices) seront invit\u00e9-es \u00e0 rechercher les petites b\u00eates qui nous entourent, \u00e0 les pr\u00e9lever d\u00e9licatement, \u00e0 les regarder de pr\u00e8s et \u00e0 les classer dans les grands grands groupes d&rsquo;insectes.<\/span><\/p>\n<figure id=\"attachment_741\" aria-describedby=\"caption-attachment-741\" style=\"width: 1000px\" class=\"wp-caption alignnone\"><img loading=\"lazy\" decoding=\"async\" class=\"size-large wp-image-741\" src=\"https:\/\/sortiesnature78.files.wordpress.com\/2016\/07\/grillons.jpg?w=1000\" alt=\"SANYO DIGITAL CAMERA\" width=\"1000\" height=\"706\" \/><figcaption id=\"caption-attachment-741\" class=\"wp-caption-text\">SANYO DIGITAL CAMERA<\/figcaption><\/figure>\n<p>\u00ab\u00a0Le temps des insectes\u00a0\u00bb<\/p>\n<p>Observons les insectes et discutons de leur d\u00e9veloppement (initiation \u00e0 l&rsquo;entomologie). Nous tenterons ensemble de trouver diff\u00e9rents stades de d\u00e9veloppement des insectes et de comprendre leur cycle de vie.<\/p>\n<p><img loading=\"lazy\" decoding=\"async\" class=\"alignnone size-full wp-image-427\" src=\"https:\/\/sortiesnature78.files.wordpress.com\/2016\/07\/oeufs-parasitoide.jpg\" alt=\"oeufs-parasitoide.JPG\" width=\"1800\" height=\"1319\" srcset=\"https:\/\/sortiesnature78.com\/wp-content\/uploads\/2016\/07\/oeufs-parasitoide.jpg 1800w, https:\/\/sortiesnature78.com\/wp-content\/uploads\/2016\/07\/oeufs-parasitoide-300x220.jpg 300w, https:\/\/sortiesnature78.com\/wp-content\/uploads\/2016\/07\/oeufs-parasitoide-1024x750.jpg 1024w, https:\/\/sortiesnature78.com\/wp-content\/uploads\/2016\/07\/oeufs-parasitoide-768x563.jpg 768w, https:\/\/sortiesnature78.com\/wp-content\/uploads\/2016\/07\/oeufs-parasitoide-1536x1126.jpg 1536w\" sizes=\"auto, (max-width: 1800px) 100vw, 1800px\" \/><\/p>\n<p>\u00a0\u00bb Les insectes broient, l\u00e8chent, piquent, sucent&#8230;\u00a0\u00bb<\/p>\n<p>Cherchons les insectes et observons-les en train de se nourrir. Certains individus nous montreront facilement leurs pi\u00e8ces buccales, parfois impressionnantes. Nous pourrons ensuite d\u00e9duire la mani\u00e8re de se nourrir des insectes.<\/p>\n<p><img loading=\"lazy\" decoding=\"async\" class=\"alignnone size-full wp-image-306\" src=\"https:\/\/sortiesnature78.files.wordpress.com\/2016\/05\/punaise1.jpg\" alt=\"punaise\" width=\"1467\" height=\"1800\" \/><\/p>\n<p>\u00ab\u00a0Les insectes pollinisateurs\u00a0\u00bb<\/p>\n<p>Ils sont nombreux \u00e0 se poser sur les fleurs pour se nourrir. Des papillons, des abeilles et bourdons, des mouches &#8230; Sont-ils tous des pollinisateurs ? Partons \u00e0 leur rencontre&#8230;<\/p>\n<p><img loading=\"lazy\" decoding=\"async\" class=\"alignnone size-full wp-image-260\" src=\"https:\/\/sortiesnature78.files.wordpress.com\/2016\/05\/doublure-jaune.jpg\" alt=\"doublure-jaune\" width=\"1250\" height=\"1800\" \/><\/p>\n","protected":false},"excerpt":{"rendered":"<p>\u00ab\u00a0Cherchez la petite b\u00eate !\u00a0\u00bb Observons les insectes et classons-les : initiation \u00e0 l&rsquo;entomologie. Les enfants (et les accompagnateurs et accompagnatrices) seront invit\u00e9-es \u00e0 rechercher les petites b\u00eates qui nous entourent, \u00e0 les pr\u00e9lever d\u00e9licatement, \u00e0 les regarder de pr\u00e8s et \u00e0 les classer dans les grands grands groupes d&rsquo;insectes. \u00ab\u00a0Le temps des insectes\u00a0\u00bb Observons&#8230; <\/p>\n<div class=\"link-more\"><a href=\"https:\/\/sortiesnature78.com\/?page_id=412\">En savoir plus<\/a><\/div>\n","protected":false},"author":2,"featured_media":742,"parent":410,"menu_order":0,"comment_status":"closed","ping_status":"closed","template":"","meta":{"footnotes":""},"class_list":["post-412","page","type-page","status-publish","has-post-thumbnail","hentry"],"jetpack_sharing_enabled":true,"_links":{"self":[{"href":"https:\/\/sortiesnature78.com\/index.php?rest_route=\/wp\/v2\/pages\/412","targetHints":{"allow":["GET"]}}],"collection":[{"href":"https:\/\/sortiesnature78.com\/index.php?rest_route=\/wp\/v2\/pages"}],"about":[{"href":"https:\/\/sortiesnature78.com\/index.php?rest_route=\/wp\/v2\/types\/page"}],"author":[{"embeddable":true,"href":"https:\/\/sortiesnature78.com\/index.php?rest_route=\/wp\/v2\/users\/2"}],"replies":[{"embeddable":true,"href":"https:\/\/sortiesnature78.com\/index.php?rest_route=%2Fwp%2Fv2%2Fcomments&post=412"}],"version-history":[{"count":0,"href":"https:\/\/sortiesnature78.com\/index.php?rest_route=\/wp\/v2\/pages\/412\/revisions"}],"up":[{"embeddable":true,"href":"https:\/\/sortiesnature78.com\/index.php?rest_route=\/wp\/v2\/pages\/410"}],"wp:featuredmedia":[{"embeddable":true,"href":"https:\/\/sortiesnature78.com\/index.php?rest_route=\/wp\/v2\/media\/742"}],"wp:attachment":[{"href":"https:\/\/sortiesnature78.com\/index.php?rest_route=%2Fwp%2Fv2%2Fmedia&parent=412"}],"curies":[{"name":"wp","href":"https:\/\/api.w.org\/{rel}","templated":true}]}}