{"id":473,"date":"2016-07-25T13:44:39","date_gmt":"2016-07-25T13:44:39","guid":{"rendered":"https:\/\/sortiesnature78.wordpress.com\/?page_id=473"},"modified":"2016-07-25T13:44:39","modified_gmt":"2016-07-25T13:44:39","slug":"araignees","status":"publish","type":"page","link":"https:\/\/sortiesnature78.com\/?page_id=473","title":{"rendered":"Araign\u00e9es"},"content":{"rendered":"<p><span style=\"font-size:medium;\"><img loading=\"lazy\" decoding=\"async\" class=\"size-medium wp-image-476 aligncenter\" src=\"https:\/\/sortiesnature78.files.wordpress.com\/2016\/07\/araignee.jpg?w=300\" alt=\"araignee\" width=\"300\" height=\"228\" \/><\/span><\/p>\n<p>\u00ab\u00a0Les araign\u00e9es d&rsquo;ici sont-elles dangereuses pour nous ?\u00a0\u00bb<\/p>\n<p><span style=\"font-size:medium;\">Spiderman Party ou \u00e0 la recherche des araign\u00e9es-loup avec comme fil conducteur \u00ab\u00a0les araign\u00e9es sont-elles dangereuses pour nous ?\u00a0\u00bb. Les enfants (et les accompagnateurs et accompagnatrices) seront invit\u00e9-es \u00e0 rechercher les araign\u00e9es qui nous entourent, \u00e0 les pr\u00e9lever d\u00e9licatement, \u00e0 les regarder de pr\u00e8s avant de les rel\u00e2cher.<\/span><\/p>\n<p><img loading=\"lazy\" decoding=\"async\" class=\"size-medium wp-image-98 aligncenter\" src=\"https:\/\/sortiesnature78.files.wordpress.com\/2016\/07\/toile-zygielle.jpeg?w=213\" alt=\"toile-zygielle\" width=\"213\" height=\"300\" srcset=\"https:\/\/sortiesnature78.com\/wp-content\/uploads\/2016\/07\/toile-zygielle.jpeg 1068w, https:\/\/sortiesnature78.com\/wp-content\/uploads\/2016\/07\/toile-zygielle-213x300.jpeg 213w, https:\/\/sortiesnature78.com\/wp-content\/uploads\/2016\/07\/toile-zygielle-727x1024.jpeg 727w, https:\/\/sortiesnature78.com\/wp-content\/uploads\/2016\/07\/toile-zygielle-768x1082.jpeg 768w\" sizes=\"auto, (max-width: 213px) 100vw, 213px\" \/><\/p>\n<p>\u00a0\u00bb Les toiles d&rsquo;araign\u00e9es\u00a0\u00bb<\/p>\n<p>Cherchons les toiles d&rsquo;araign\u00e9es et tentons de retrouver leur propri\u00e9taire.\u00a0 Nous pourrons observer la diversit\u00e9 des toiles tiss\u00e9es ainsi que les diff\u00e9rents modes de chasse des araign\u00e9es.<\/p>\n","protected":false},"excerpt":{"rendered":"<p>\u00ab\u00a0Les araign\u00e9es d&rsquo;ici sont-elles dangereuses pour nous ?\u00a0\u00bb Spiderman Party ou \u00e0 la recherche des araign\u00e9es-loup avec comme fil conducteur \u00ab\u00a0les araign\u00e9es sont-elles dangereuses pour nous ?\u00a0\u00bb. Les enfants (et les accompagnateurs et accompagnatrices) seront invit\u00e9-es \u00e0 rechercher les araign\u00e9es qui nous entourent, \u00e0 les pr\u00e9lever d\u00e9licatement, \u00e0 les regarder de pr\u00e8s avant de les&#8230; <\/p>\n<div class=\"link-more\"><a href=\"https:\/\/sortiesnature78.com\/?page_id=473\">En savoir plus<\/a><\/div>\n","protected":false},"author":2,"featured_media":726,"parent":410,"menu_order":0,"comment_status":"closed","ping_status":"closed","template":"","meta":{"footnotes":""},"class_list":["post-473","page","type-page","status-publish","has-post-thumbnail","hentry"],"jetpack_sharing_enabled":true,"_links":{"self":[{"href":"https:\/\/sortiesnature78.com\/index.php?rest_route=\/wp\/v2\/pages\/473","targetHints":{"allow":["GET"]}}],"collection":[{"href":"https:\/\/sortiesnature78.com\/index.php?rest_route=\/wp\/v2\/pages"}],"about":[{"href":"https:\/\/sortiesnature78.com\/index.php?rest_route=\/wp\/v2\/types\/page"}],"author":[{"embeddable":true,"href":"https:\/\/sortiesnature78.com\/index.php?rest_route=\/wp\/v2\/users\/2"}],"replies":[{"embeddable":true,"href":"https:\/\/sortiesnature78.com\/index.php?rest_route=%2Fwp%2Fv2%2Fcomments&post=473"}],"version-history":[{"count":0,"href":"https:\/\/sortiesnature78.com\/index.php?rest_route=\/wp\/v2\/pages\/473\/revisions"}],"up":[{"embeddable":true,"href":"https:\/\/sortiesnature78.com\/index.php?rest_route=\/wp\/v2\/pages\/410"}],"wp:featuredmedia":[{"embeddable":true,"href":"https:\/\/sortiesnature78.com\/index.php?rest_route=\/wp\/v2\/media\/726"}],"wp:attachment":[{"href":"https:\/\/sortiesnature78.com\/index.php?rest_route=%2Fwp%2Fv2%2Fmedia&parent=473"}],"curies":[{"name":"wp","href":"https:\/\/api.w.org\/{rel}","templated":true}]}}