{"id":481,"date":"2016-07-25T14:08:45","date_gmt":"2016-07-25T14:08:45","guid":{"rendered":"https:\/\/sortiesnature78.wordpress.com\/?page_id=481"},"modified":"2016-07-25T14:08:45","modified_gmt":"2016-07-25T14:08:45","slug":"plantes","status":"publish","type":"page","link":"https:\/\/sortiesnature78.com\/?page_id=481","title":{"rendered":"V\u00e9g\u00e9taux"},"content":{"rendered":"<p>\u00ab\u00a0Pas de mauvaises graines\u00a0\u00bb<\/p>\n<p>En recherchant les graines de diff\u00e9rentes plantes, nous discuterons de la mani\u00e8re dont se d\u00e9placent les v\u00e9g\u00e9taux et gr\u00e2ce \u00e0 quelles parades ils peuvent aller loin.<\/p>\n<p><img loading=\"lazy\" decoding=\"async\" class=\"aligncenter wp-image-279 size-dyad-site-logo\" src=\"https:\/\/sortiesnature78.files.wordpress.com\/2016\/05\/graines4.jpg?w=450\" alt=\"graines4\" width=\"450\" height=\"300\" \/><\/p>\n<p>\u00ab\u00a0Reconna\u00eetre les arbres de la r\u00e9gion\u00a0\u00bb<\/p>\n<p>A partir de dessins de feuilles et d&rsquo;indices sur leur fruit, les enfants partiront \u00e0 la recherche des arbres de nos for\u00eats, de nos parcs.<\/p>\n<p><img loading=\"lazy\" decoding=\"async\" class=\"aligncenter wp-image-487 size-dyad-site-logo\" src=\"https:\/\/sortiesnature78.files.wordpress.com\/2016\/07\/charme.jpg?w=450\" alt=\"charme\" width=\"450\" height=\"300\" \/><\/p>\n<p>\u00ab\u00a0Fabriquons un herbier\u00a0\u00bb<\/p>\n<p>Cet Atelier se fera en partie en int\u00e9rieur, en partie en ext\u00e9rieur. Il consistera \u00e0 fabriquer un petit herbier avec des plantes d\u00e9j\u00e0 s\u00e9ch\u00e9es. Une sortie permettra aux enfants de cueillir quelques plantes (non prot\u00e9g\u00e9es) qu&rsquo;ils pourront faire s\u00e9cher dans une chemise \u00e0 sangle, remplie de deux vieux journaux (ou de feuilles de brouillon).\u00a0<img loading=\"lazy\" decoding=\"async\" class=\"wp-image-1655 size-dyad-site-logo aligncenter\" src=\"https:\/\/sortiesnature78.files.wordpress.com\/2017\/04\/sortiesnature78-herbier1.jpg?w=450\" alt=\"\" width=\"450\" height=\"300\" srcset=\"https:\/\/sortiesnature78.com\/wp-content\/uploads\/2017\/04\/sortiesnature78-herbier1.jpg 900w, https:\/\/sortiesnature78.com\/wp-content\/uploads\/2017\/04\/sortiesnature78-herbier1-300x200.jpg 300w, https:\/\/sortiesnature78.com\/wp-content\/uploads\/2017\/04\/sortiesnature78-herbier1-768x512.jpg 768w, https:\/\/sortiesnature78.com\/wp-content\/uploads\/2017\/04\/sortiesnature78-herbier1-450x300.jpg 450w\" sizes=\"auto, (max-width: 450px) 100vw, 450px\" \/><\/p>\n","protected":false},"excerpt":{"rendered":"<p>\u00ab\u00a0Pas de mauvaises graines\u00a0\u00bb En recherchant les graines de diff\u00e9rentes plantes, nous discuterons de la mani\u00e8re dont se d\u00e9placent les v\u00e9g\u00e9taux et gr\u00e2ce \u00e0 quelles parades ils peuvent aller loin. \u00ab\u00a0Reconna\u00eetre les arbres de la r\u00e9gion\u00a0\u00bb A partir de dessins de feuilles et d&rsquo;indices sur leur fruit, les enfants partiront \u00e0 la recherche des arbres&#8230; <\/p>\n<div class=\"link-more\"><a href=\"https:\/\/sortiesnature78.com\/?page_id=481\">En savoir plus<\/a><\/div>\n","protected":false},"author":2,"featured_media":263,"parent":410,"menu_order":0,"comment_status":"closed","ping_status":"closed","template":"","meta":{"footnotes":""},"class_list":["post-481","page","type-page","status-publish","has-post-thumbnail","hentry"],"jetpack_sharing_enabled":true,"_links":{"self":[{"href":"https:\/\/sortiesnature78.com\/index.php?rest_route=\/wp\/v2\/pages\/481","targetHints":{"allow":["GET"]}}],"collection":[{"href":"https:\/\/sortiesnature78.com\/index.php?rest_route=\/wp\/v2\/pages"}],"about":[{"href":"https:\/\/sortiesnature78.com\/index.php?rest_route=\/wp\/v2\/types\/page"}],"author":[{"embeddable":true,"href":"https:\/\/sortiesnature78.com\/index.php?rest_route=\/wp\/v2\/users\/2"}],"replies":[{"embeddable":true,"href":"https:\/\/sortiesnature78.com\/index.php?rest_route=%2Fwp%2Fv2%2Fcomments&post=481"}],"version-history":[{"count":0,"href":"https:\/\/sortiesnature78.com\/index.php?rest_route=\/wp\/v2\/pages\/481\/revisions"}],"up":[{"embeddable":true,"href":"https:\/\/sortiesnature78.com\/index.php?rest_route=\/wp\/v2\/pages\/410"}],"wp:featuredmedia":[{"embeddable":true,"href":"https:\/\/sortiesnature78.com\/index.php?rest_route=\/wp\/v2\/media\/263"}],"wp:attachment":[{"href":"https:\/\/sortiesnature78.com\/index.php?rest_route=%2Fwp%2Fv2%2Fmedia&parent=481"}],"curies":[{"name":"wp","href":"https:\/\/api.w.org\/{rel}","templated":true}]}}