{"id":484,"date":"2016-07-25T14:14:31","date_gmt":"2016-07-25T14:14:31","guid":{"rendered":"https:\/\/sortiesnature78.wordpress.com\/?page_id=484"},"modified":"2023-12-19T09:14:12","modified_gmt":"2023-12-19T08:14:12","slug":"traces-danimaux","status":"publish","type":"page","link":"https:\/\/sortiesnature78.com\/?page_id=484","title":{"rendered":"Traces d&rsquo;animaux"},"content":{"rendered":"<p>\u00ab\u00a0Les animaux \u00e0 la trace\u00a0\u00bb<\/p>\n<p>Les traces laiss\u00e9s par les animaux sont tr\u00e8s nombreuses, parfois bien visibles comme les empreintes de pas laiss\u00e9s dans la boue ou la neige, d&rsquo;autres fois plus discr\u00e8tes car laiss\u00e9s par de petits animaux. Lors d&rsquo;une balade, nous ouvrirons grands nos yeux pour d\u00e9busquer la moindre trace.<\/p>\n<p><img loading=\"lazy\" decoding=\"async\" class=\"alignnone size-medium wp-image-319\" src=\"https:\/\/sortiesnature78.com\/wp-content\/uploads\/2023\/12\/trace31.jpg\" alt=\"trace3\" width=\"200\" height=\"300\" \/> <img loading=\"lazy\" decoding=\"async\" class=\"alignnone size-medium wp-image-318\" src=\"https:\/\/sortiesnature78.com\/wp-content\/uploads\/2023\/12\/trace2.jpg\" alt=\"trace2\" width=\"200\" height=\"300\" \/><\/p>\n","protected":false},"excerpt":{"rendered":"<p>\u00ab\u00a0Les animaux \u00e0 la trace\u00a0\u00bb Les traces laiss\u00e9s par les animaux sont tr\u00e8s nombreuses, parfois bien visibles comme les empreintes de pas laiss\u00e9s dans la boue ou la neige, d&rsquo;autres fois plus discr\u00e8tes car laiss\u00e9s par de petits animaux. Lors d&rsquo;une balade, nous ouvrirons grands nos yeux pour d\u00e9busquer la moindre trace.<\/p>\n","protected":false},"author":2,"featured_media":7172,"parent":410,"menu_order":0,"comment_status":"closed","ping_status":"closed","template":"","meta":{"footnotes":""},"class_list":["post-484","page","type-page","status-publish","has-post-thumbnail","hentry"],"jetpack_sharing_enabled":true,"_links":{"self":[{"href":"https:\/\/sortiesnature78.com\/index.php?rest_route=\/wp\/v2\/pages\/484","targetHints":{"allow":["GET"]}}],"collection":[{"href":"https:\/\/sortiesnature78.com\/index.php?rest_route=\/wp\/v2\/pages"}],"about":[{"href":"https:\/\/sortiesnature78.com\/index.php?rest_route=\/wp\/v2\/types\/page"}],"author":[{"embeddable":true,"href":"https:\/\/sortiesnature78.com\/index.php?rest_route=\/wp\/v2\/users\/2"}],"replies":[{"embeddable":true,"href":"https:\/\/sortiesnature78.com\/index.php?rest_route=%2Fwp%2Fv2%2Fcomments&post=484"}],"version-history":[{"count":1,"href":"https:\/\/sortiesnature78.com\/index.php?rest_route=\/wp\/v2\/pages\/484\/revisions"}],"predecessor-version":[{"id":7175,"href":"https:\/\/sortiesnature78.com\/index.php?rest_route=\/wp\/v2\/pages\/484\/revisions\/7175"}],"up":[{"embeddable":true,"href":"https:\/\/sortiesnature78.com\/index.php?rest_route=\/wp\/v2\/pages\/410"}],"wp:featuredmedia":[{"embeddable":true,"href":"https:\/\/sortiesnature78.com\/index.php?rest_route=\/wp\/v2\/media\/7172"}],"wp:attachment":[{"href":"https:\/\/sortiesnature78.com\/index.php?rest_route=%2Fwp%2Fv2%2Fmedia&parent=484"}],"curies":[{"name":"wp","href":"https:\/\/api.w.org\/{rel}","templated":true}]}}