{"id":489,"date":"2016-07-25T14:23:55","date_gmt":"2016-07-25T14:23:55","guid":{"rendered":"https:\/\/sortiesnature78.wordpress.com\/?page_id=489"},"modified":"2016-07-25T14:23:55","modified_gmt":"2016-07-25T14:23:55","slug":"escargots","status":"publish","type":"page","link":"https:\/\/sortiesnature78.com\/?page_id=489","title":{"rendered":"Escargots"},"content":{"rendered":"<p><img loading=\"lazy\" decoding=\"async\" class=\"wp-image-738 size-medium aligncenter\" src=\"https:\/\/sortiesnature78.files.wordpress.com\/2016\/07\/maincourt16.jpg?w=300\" alt=\"maincourt16\" width=\"300\" height=\"200\" \/><\/p>\n<p>\u00ab\u00a0La diversit\u00e9 des escargots\u00a0\u00bb<\/p>\n<p>On trouve des escargots partout et en y regardant de plus pr\u00e8s on est \u00e9tonn\u00e9 de voir la diversit\u00e9 de ces animaux \u00e0 corps mou recouvert par une coquille. Il y en a m\u00eame avec des soies dessus ! Prenons le temps de chercher ces gast\u00e9ropodes et de les identifier ensemble.<\/p>\n<p><img loading=\"lazy\" decoding=\"async\" class=\"alignnone wp-image-736 size-medium\" src=\"https:\/\/sortiesnature78.files.wordpress.com\/2016\/07\/dscf3477.jpg?w=300\" alt=\"DSCF3477\" width=\"300\" height=\"225\" \/>\u00a0\u00a0 <img loading=\"lazy\" decoding=\"async\" class=\"alignnone wp-image-735 size-medium\" src=\"https:\/\/sortiesnature78.files.wordpress.com\/2016\/07\/atelier.jpg?w=300\" alt=\"atelier\" width=\"300\" height=\"225\" \/><\/p>\n","protected":false},"excerpt":{"rendered":"<p>\u00ab\u00a0La diversit\u00e9 des escargots\u00a0\u00bb On trouve des escargots partout et en y regardant de plus pr\u00e8s on est \u00e9tonn\u00e9 de voir la diversit\u00e9 de ces animaux \u00e0 corps mou recouvert par une coquille. Il y en a m\u00eame avec des soies dessus ! Prenons le temps de chercher ces gast\u00e9ropodes et de les identifier ensemble&#8230;. <\/p>\n<div class=\"link-more\"><a href=\"https:\/\/sortiesnature78.com\/?page_id=489\">En savoir plus<\/a><\/div>\n","protected":false},"author":2,"featured_media":737,"parent":410,"menu_order":0,"comment_status":"closed","ping_status":"closed","template":"","meta":{"footnotes":""},"class_list":["post-489","page","type-page","status-publish","has-post-thumbnail","hentry"],"jetpack_sharing_enabled":true,"_links":{"self":[{"href":"https:\/\/sortiesnature78.com\/index.php?rest_route=\/wp\/v2\/pages\/489","targetHints":{"allow":["GET"]}}],"collection":[{"href":"https:\/\/sortiesnature78.com\/index.php?rest_route=\/wp\/v2\/pages"}],"about":[{"href":"https:\/\/sortiesnature78.com\/index.php?rest_route=\/wp\/v2\/types\/page"}],"author":[{"embeddable":true,"href":"https:\/\/sortiesnature78.com\/index.php?rest_route=\/wp\/v2\/users\/2"}],"replies":[{"embeddable":true,"href":"https:\/\/sortiesnature78.com\/index.php?rest_route=%2Fwp%2Fv2%2Fcomments&post=489"}],"version-history":[{"count":0,"href":"https:\/\/sortiesnature78.com\/index.php?rest_route=\/wp\/v2\/pages\/489\/revisions"}],"up":[{"embeddable":true,"href":"https:\/\/sortiesnature78.com\/index.php?rest_route=\/wp\/v2\/pages\/410"}],"wp:featuredmedia":[{"embeddable":true,"href":"https:\/\/sortiesnature78.com\/index.php?rest_route=\/wp\/v2\/media\/737"}],"wp:attachment":[{"href":"https:\/\/sortiesnature78.com\/index.php?rest_route=%2Fwp%2Fv2%2Fmedia&parent=489"}],"curies":[{"name":"wp","href":"https:\/\/api.w.org\/{rel}","templated":true}]}}