{"id":514,"date":"2016-07-25T16:20:30","date_gmt":"2016-07-25T16:20:30","guid":{"rendered":"https:\/\/sortiesnature78.wordpress.com\/?page_id=514"},"modified":"2016-07-25T16:20:30","modified_gmt":"2016-07-25T16:20:30","slug":"themes-des-ateliers","status":"publish","type":"page","link":"https:\/\/sortiesnature78.com\/?page_id=514","title":{"rendered":"Th\u00e8mes des ateliers"},"content":{"rendered":"<p>Mes th\u00e8mes de pr\u00e9dilection tournent autour des petites b\u00eates. Je peux ainsi d\u00e9cliner la recherche des <strong>insectes<\/strong> avec leur mode d&rsquo;alimentation, leur classement scientifique, la fa\u00e7on dont ils grandissent, leur r\u00f4le dans la pollinisation&#8230;<\/p>\n<p>D&rsquo;autres th\u00e9matiques ont d\u00e9j\u00e0 \u00e9t\u00e9 abord\u00e9 lors des ateliers et vous trouverez leur d\u00e9tail dans les onglets du menu. Voici une liste :<\/p>\n<ul>\n<li>donnons un nom aux coquillages,<\/li>\n<li>observations \u00e0 la loupe binoculaire,<\/li>\n<li>les coquilles des coquillages,<\/li>\n<li>initiation au chant des oiseaux,<\/li>\n<li>\u00e9tude floral,<\/li>\n<li>les petites b\u00eates de l&rsquo;humus,<\/li>\n<li>la diversit\u00e9 des \u0153ufs,<\/li>\n<li>les min\u00e9raux, quelques propri\u00e9t\u00e9s \u00e0 l&rsquo;\u00e9tude,<\/li>\n<li>cueillette et herbier,<\/li>\n<li>fabrication de teintures,<\/li>\n<li>&#8230;<\/li>\n<\/ul>\n","protected":false},"excerpt":{"rendered":"<p>Mes th\u00e8mes de pr\u00e9dilection tournent autour des petites b\u00eates. Je peux ainsi d\u00e9cliner la recherche des insectes avec leur mode d&rsquo;alimentation, leur classement scientifique, la fa\u00e7on dont ils grandissent, leur r\u00f4le dans la pollinisation&#8230; D&rsquo;autres th\u00e9matiques ont d\u00e9j\u00e0 \u00e9t\u00e9 abord\u00e9 lors des ateliers et vous trouverez leur d\u00e9tail dans les onglets du menu. Voici une&#8230; <\/p>\n<div class=\"link-more\"><a href=\"https:\/\/sortiesnature78.com\/?page_id=514\">En savoir plus<\/a><\/div>\n","protected":false},"author":2,"featured_media":79,"parent":0,"menu_order":0,"comment_status":"closed","ping_status":"closed","template":"","meta":{"footnotes":""},"class_list":["post-514","page","type-page","status-publish","has-post-thumbnail","hentry"],"jetpack_sharing_enabled":true,"_links":{"self":[{"href":"https:\/\/sortiesnature78.com\/index.php?rest_route=\/wp\/v2\/pages\/514","targetHints":{"allow":["GET"]}}],"collection":[{"href":"https:\/\/sortiesnature78.com\/index.php?rest_route=\/wp\/v2\/pages"}],"about":[{"href":"https:\/\/sortiesnature78.com\/index.php?rest_route=\/wp\/v2\/types\/page"}],"author":[{"embeddable":true,"href":"https:\/\/sortiesnature78.com\/index.php?rest_route=\/wp\/v2\/users\/2"}],"replies":[{"embeddable":true,"href":"https:\/\/sortiesnature78.com\/index.php?rest_route=%2Fwp%2Fv2%2Fcomments&post=514"}],"version-history":[{"count":0,"href":"https:\/\/sortiesnature78.com\/index.php?rest_route=\/wp\/v2\/pages\/514\/revisions"}],"wp:featuredmedia":[{"embeddable":true,"href":"https:\/\/sortiesnature78.com\/index.php?rest_route=\/wp\/v2\/media\/79"}],"wp:attachment":[{"href":"https:\/\/sortiesnature78.com\/index.php?rest_route=%2Fwp%2Fv2%2Fmedia&parent=514"}],"curies":[{"name":"wp","href":"https:\/\/api.w.org\/{rel}","templated":true}]}}