{"id":560,"date":"2016-07-26T11:15:47","date_gmt":"2016-07-26T11:15:47","guid":{"rendered":"https:\/\/sortiesnature78.wordpress.com\/?page_id=560"},"modified":"2016-07-26T11:15:47","modified_gmt":"2016-07-26T11:15:47","slug":"coquillages-2","status":"publish","type":"page","link":"https:\/\/sortiesnature78.com\/?page_id=560","title":{"rendered":"Insectes"},"content":{"rendered":"<p><span style=\"text-decoration:underline;\">\u00ab\u00a0Les insectes \u00e0 la loupe\u00a0\u00bb<\/span><\/p>\n<p>Une nouvelle mani\u00e8re d&rsquo;observer les insectes : au microscope. Regardons les petites b\u00eates d&rsquo;un autre \u0153il, comparons les ailes des insectes&#8230;<\/p>\n<p><img loading=\"lazy\" decoding=\"async\" class=\"wp-image-1137 aligncenter\" src=\"https:\/\/sortiesnature78.files.wordpress.com\/2016\/11\/2016-11-17-collage-solen.jpg?w=300\" alt=\"2016-11-17-collage-solen\" width=\"300\" height=\"240\" srcset=\"https:\/\/sortiesnature78.com\/wp-content\/uploads\/2016\/11\/2016-11-17-collage-solen.jpg 1500w, https:\/\/sortiesnature78.com\/wp-content\/uploads\/2016\/11\/2016-11-17-collage-solen-300x240.jpg 300w, https:\/\/sortiesnature78.com\/wp-content\/uploads\/2016\/11\/2016-11-17-collage-solen-1024x819.jpg 1024w, https:\/\/sortiesnature78.com\/wp-content\/uploads\/2016\/11\/2016-11-17-collage-solen-768x614.jpg 768w\" sizes=\"auto, (max-width: 300px) 100vw, 300px\" \/><\/p>\n<p><span style=\"text-decoration:underline;\">\u00ab\u00a0Que font les abeilles en hiver ?\u00a0\u00bb<\/span><\/p>\n<p>Discutons des Hym\u00e9nopt\u00e8res et de la mani\u00e8re dont ils vivent, construisent leur nid et passent l\u2019hiver.\u00a0 Du mat\u00e9riel (d&rsquo;apiculteur, des d\u00e9buts de nids de gu\u00eapes, enfumoir\u2026) ainsi que des jeux illustreront ce th\u00e8me. L\u2019Atelier se termine par une activit\u00e9 manuelle de fabrication d&rsquo;une petite bougie en cire d&rsquo;abeille.<\/p>\n<p><img loading=\"lazy\" decoding=\"async\" class=\"size-medium wp-image-1243 aligncenter\" src=\"https:\/\/sortiesnature78.files.wordpress.com\/2016\/07\/ruche.jpg?w=300\" alt=\"ruche\" width=\"300\" height=\"225\" \/><\/p>\n<p><span style=\"text-decoration:underline;\">\u00ab\u00a0Les insectes en ordre\u00a0\u00bb<\/span><\/p>\n<p>Il s&rsquo;agira d&rsquo;observer des insectes, parfois vivants, de les d\u00e9crire et de chercher leurs points communs. Les enfants pourront ensuite imaginer un insecte \u00e0 partir de mat\u00e9riaux naturels.<\/p>\n<p><img loading=\"lazy\" decoding=\"async\" class=\"size-medium wp-image-561 aligncenter\" src=\"https:\/\/sortiesnature78.files.wordpress.com\/2016\/07\/2016-02-25-insectes.jpg?w=300\" alt=\"2016-02-25-insectes\" width=\"300\" height=\"225\" srcset=\"https:\/\/sortiesnature78.com\/wp-content\/uploads\/2016\/07\/2016-02-25-insectes.jpg 1280w, https:\/\/sortiesnature78.com\/wp-content\/uploads\/2016\/07\/2016-02-25-insectes-300x225.jpg 300w, https:\/\/sortiesnature78.com\/wp-content\/uploads\/2016\/07\/2016-02-25-insectes-1024x768.jpg 1024w, https:\/\/sortiesnature78.com\/wp-content\/uploads\/2016\/07\/2016-02-25-insectes-768x576.jpg 768w\" sizes=\"auto, (max-width: 300px) 100vw, 300px\" \/><\/p>\n<p><u>\u00ab\u00a0Le temps des insectes\u00a0\u00bb<\/u>\u00a0 : nous nous attarderons sur le d\u00e9veloppement (post-embryonnaire) des petites b\u00eates. Le papillon poss\u00e8de un cycle biologique ma\u00eetris\u00e9 par de nombreux enfants. Tous les insectes sont-ils comme les papillons ? L&rsquo;activit\u00e9 en fin d&rsquo;Atelier pourra consister \u00e0 fabriquer un petit fagot \u00e0 insectes.<\/p>\n<p><img loading=\"lazy\" decoding=\"async\" class=\"size-medium wp-image-562 aligncenter\" src=\"https:\/\/sortiesnature78.files.wordpress.com\/2016\/07\/2016-02-26-insectes.jpg?w=300\" alt=\"2016-02-26-insectes\" width=\"300\" height=\"225\" \/><\/p>\n","protected":false},"excerpt":{"rendered":"<p>\u00ab\u00a0Les insectes \u00e0 la loupe\u00a0\u00bb Une nouvelle mani\u00e8re d&rsquo;observer les insectes : au microscope. Regardons les petites b\u00eates d&rsquo;un autre \u0153il, comparons les ailes des insectes&#8230; \u00ab\u00a0Que font les abeilles en hiver ?\u00a0\u00bb Discutons des Hym\u00e9nopt\u00e8res et de la mani\u00e8re dont ils vivent, construisent leur nid et passent l\u2019hiver.\u00a0 Du mat\u00e9riel (d&rsquo;apiculteur, des d\u00e9buts de&#8230; <\/p>\n<div class=\"link-more\"><a href=\"https:\/\/sortiesnature78.com\/?page_id=560\">En savoir plus<\/a><\/div>\n","protected":false},"author":2,"featured_media":571,"parent":514,"menu_order":0,"comment_status":"closed","ping_status":"closed","template":"","meta":{"footnotes":""},"class_list":["post-560","page","type-page","status-publish","has-post-thumbnail","hentry"],"jetpack_sharing_enabled":true,"_links":{"self":[{"href":"https:\/\/sortiesnature78.com\/index.php?rest_route=\/wp\/v2\/pages\/560","targetHints":{"allow":["GET"]}}],"collection":[{"href":"https:\/\/sortiesnature78.com\/index.php?rest_route=\/wp\/v2\/pages"}],"about":[{"href":"https:\/\/sortiesnature78.com\/index.php?rest_route=\/wp\/v2\/types\/page"}],"author":[{"embeddable":true,"href":"https:\/\/sortiesnature78.com\/index.php?rest_route=\/wp\/v2\/users\/2"}],"replies":[{"embeddable":true,"href":"https:\/\/sortiesnature78.com\/index.php?rest_route=%2Fwp%2Fv2%2Fcomments&post=560"}],"version-history":[{"count":0,"href":"https:\/\/sortiesnature78.com\/index.php?rest_route=\/wp\/v2\/pages\/560\/revisions"}],"up":[{"embeddable":true,"href":"https:\/\/sortiesnature78.com\/index.php?rest_route=\/wp\/v2\/pages\/514"}],"wp:featuredmedia":[{"embeddable":true,"href":"https:\/\/sortiesnature78.com\/index.php?rest_route=\/wp\/v2\/media\/571"}],"wp:attachment":[{"href":"https:\/\/sortiesnature78.com\/index.php?rest_route=%2Fwp%2Fv2%2Fmedia&parent=560"}],"curies":[{"name":"wp","href":"https:\/\/api.w.org\/{rel}","templated":true}]}}