{"id":575,"date":"2016-07-26T12:42:56","date_gmt":"2016-07-26T12:42:56","guid":{"rendered":"https:\/\/sortiesnature78.wordpress.com\/?page_id=575"},"modified":"2016-07-26T12:42:56","modified_gmt":"2016-07-26T12:42:56","slug":"etude-florale","status":"publish","type":"page","link":"https:\/\/sortiesnature78.com\/?page_id=575","title":{"rendered":"Ateliers sur les v\u00e9g\u00e9taux"},"content":{"rendered":"<p><span style=\"font-size:medium;\"><span style=\"text-decoration:underline;\">Etude florale<\/span><br \/>\n<\/span><\/p>\n<p><span style=\"font-size:medium;\">Nous observerons et d\u00e9taillerons les pi\u00e8ces florales de diff\u00e9rentes fleurs. Il est possible de coupler cet atelier \u00e0 une Sortie Nature pour, au pr\u00e9alable, cueillir les fleurs qui seront \u00e9tudi\u00e9es.<br \/>\n<\/span><\/p>\n<p><img loading=\"lazy\" decoding=\"async\" class=\"alignnone size-medium wp-image-577\" src=\"https:\/\/sortiesnature78.files.wordpress.com\/2016\/07\/c3a9tude-florale.jpg?w=300\" alt=\"\u00e9tude-florale\" width=\"300\" height=\"193\" srcset=\"https:\/\/sortiesnature78.com\/wp-content\/uploads\/2016\/07\/c3a9tude-florale.jpg 1341w, https:\/\/sortiesnature78.com\/wp-content\/uploads\/2016\/07\/c3a9tude-florale-300x193.jpg 300w, https:\/\/sortiesnature78.com\/wp-content\/uploads\/2016\/07\/c3a9tude-florale-1024x657.jpg 1024w, https:\/\/sortiesnature78.com\/wp-content\/uploads\/2016\/07\/c3a9tude-florale-768x493.jpg 768w\" sizes=\"auto, (max-width: 300px) 100vw, 300px\" \/> <img loading=\"lazy\" decoding=\"async\" class=\"alignnone wp-image-576\" src=\"https:\/\/sortiesnature78.files.wordpress.com\/2016\/07\/etude-floral1.jpg?w=300\" alt=\"etude-floral1\" width=\"256\" height=\"192\" srcset=\"https:\/\/sortiesnature78.com\/wp-content\/uploads\/2016\/07\/etude-floral1.jpg 800w, https:\/\/sortiesnature78.com\/wp-content\/uploads\/2016\/07\/etude-floral1-300x225.jpg 300w, https:\/\/sortiesnature78.com\/wp-content\/uploads\/2016\/07\/etude-floral1-768x576.jpg 768w\" sizes=\"auto, (max-width: 256px) 100vw, 256px\" \/><\/p>\n<p><span style=\"text-decoration:underline;\">Fabriquons du papier !<\/span><\/p>\n<p>Pendant que du papier \u00e0 recycler trempera dans un bac d\u2019eau, nous parlerons des diff\u00e9rents supports de l\u2019\u00e9criture qui se sont succ\u00e9d\u00e9s dans l\u2019histoire. Nous fabriquerons ensuite du papier et chaque enfant pourra d\u00e9cor\u00e9 sa carte avec des feuilles s\u00e9ch\u00e9es.<\/p>\n<p><img loading=\"lazy\" decoding=\"async\" class=\"size-medium wp-image-1401 aligncenter\" src=\"https:\/\/sortiesnature78.files.wordpress.com\/2017\/02\/2017-02-papier1.jpg?w=300&amp;h=200\" alt=\"2017-02-papier1\" width=\"300\" height=\"200\" srcset=\"https:\/\/sortiesnature78.com\/wp-content\/uploads\/2017\/02\/2017-02-papier1.jpg 900w, https:\/\/sortiesnature78.com\/wp-content\/uploads\/2017\/02\/2017-02-papier1-300x200.jpg 300w, https:\/\/sortiesnature78.com\/wp-content\/uploads\/2017\/02\/2017-02-papier1-768x512.jpg 768w\" sizes=\"auto, (max-width: 300px) 100vw, 300px\" \/><span style=\"font-size:medium;\"><br \/>\n<\/span><\/p>\n<p>\u00ab\u00a0Fabriquons un herbier\u00a0\u00bb<\/p>\n<p>Cet Atelier se fera en partie en int\u00e9rieur, en partie en ext\u00e9rieur. Il consistera \u00e0 fabriquer un petit herbier avec des plantes d\u00e9j\u00e0 s\u00e9ch\u00e9s. Une sortie permettra aux enfants de cueillir quelques plantes (non prot\u00e9g\u00e9es) qu&rsquo;ils pourront faire s\u00e9cher dans une chemise \u00e0 sangle, remplis de deux vieux journaux (ou de feuilles \u00e0 recycl\u00e9s).\u00a0<img loading=\"lazy\" decoding=\"async\" class=\"wp-image-1655 size-dyad-site-logo aligncenter\" src=\"https:\/\/sortiesnature78.files.wordpress.com\/2017\/04\/sortiesnature78-herbier1.jpg?w=450\" alt=\"\" width=\"450\" height=\"300\" srcset=\"https:\/\/sortiesnature78.com\/wp-content\/uploads\/2017\/04\/sortiesnature78-herbier1.jpg 900w, https:\/\/sortiesnature78.com\/wp-content\/uploads\/2017\/04\/sortiesnature78-herbier1-300x200.jpg 300w, https:\/\/sortiesnature78.com\/wp-content\/uploads\/2017\/04\/sortiesnature78-herbier1-768x512.jpg 768w, https:\/\/sortiesnature78.com\/wp-content\/uploads\/2017\/04\/sortiesnature78-herbier1-450x300.jpg 450w\" sizes=\"auto, (max-width: 450px) 100vw, 450px\" \/><\/p>\n","protected":false},"excerpt":{"rendered":"<p>Etude florale Nous observerons et d\u00e9taillerons les pi\u00e8ces florales de diff\u00e9rentes fleurs. Il est possible de coupler cet atelier \u00e0 une Sortie Nature pour, au pr\u00e9alable, cueillir les fleurs qui seront \u00e9tudi\u00e9es. Fabriquons du papier ! Pendant que du papier \u00e0 recycler trempera dans un bac d\u2019eau, nous parlerons des diff\u00e9rents supports de l\u2019\u00e9criture qui&#8230; <\/p>\n<div class=\"link-more\"><a href=\"https:\/\/sortiesnature78.com\/?page_id=575\">En savoir plus<\/a><\/div>\n","protected":false},"author":2,"featured_media":578,"parent":514,"menu_order":0,"comment_status":"closed","ping_status":"closed","template":"","meta":{"footnotes":""},"class_list":["post-575","page","type-page","status-publish","has-post-thumbnail","hentry"],"jetpack_sharing_enabled":true,"_links":{"self":[{"href":"https:\/\/sortiesnature78.com\/index.php?rest_route=\/wp\/v2\/pages\/575","targetHints":{"allow":["GET"]}}],"collection":[{"href":"https:\/\/sortiesnature78.com\/index.php?rest_route=\/wp\/v2\/pages"}],"about":[{"href":"https:\/\/sortiesnature78.com\/index.php?rest_route=\/wp\/v2\/types\/page"}],"author":[{"embeddable":true,"href":"https:\/\/sortiesnature78.com\/index.php?rest_route=\/wp\/v2\/users\/2"}],"replies":[{"embeddable":true,"href":"https:\/\/sortiesnature78.com\/index.php?rest_route=%2Fwp%2Fv2%2Fcomments&post=575"}],"version-history":[{"count":0,"href":"https:\/\/sortiesnature78.com\/index.php?rest_route=\/wp\/v2\/pages\/575\/revisions"}],"up":[{"embeddable":true,"href":"https:\/\/sortiesnature78.com\/index.php?rest_route=\/wp\/v2\/pages\/514"}],"wp:featuredmedia":[{"embeddable":true,"href":"https:\/\/sortiesnature78.com\/index.php?rest_route=\/wp\/v2\/media\/578"}],"wp:attachment":[{"href":"https:\/\/sortiesnature78.com\/index.php?rest_route=%2Fwp%2Fv2%2Fmedia&parent=575"}],"curies":[{"name":"wp","href":"https:\/\/api.w.org\/{rel}","templated":true}]}}