{"id":591,"date":"2016-07-26T13:56:21","date_gmt":"2016-07-26T13:56:21","guid":{"rendered":"https:\/\/sortiesnature78.wordpress.com\/?page_id=591"},"modified":"2016-07-26T13:56:21","modified_gmt":"2016-07-26T13:56:21","slug":"mineraux","status":"publish","type":"page","link":"https:\/\/sortiesnature78.com\/?page_id=591","title":{"rendered":"Min\u00e9raux"},"content":{"rendered":"<p><u><img loading=\"lazy\" decoding=\"async\" class=\"alignnone size-full wp-image-705\" src=\"https:\/\/sortiesnature78.files.wordpress.com\/2016\/07\/2014-11-13-0312-cpn-miun.jpg\" alt=\"2014-11-13-0312-cpn-miun\" width=\"638\" height=\"320\" \/><\/u><\/p>\n<p><u>Les min\u00e9raux, quelques propri\u00e9t\u00e9s \u00e0 l&rsquo;\u00e9tude<\/u><\/p>\n<p><span style=\"font-size:medium;\">Tout min\u00e9ral poss\u00e8de des propri\u00e9t\u00e9s physiques et chimiques qui\u00a0permettent de le distinguer des autres. Nous d\u00e9couvrirons lors de cet atelier 4 propri\u00e9t\u00e9s de diff\u00e9rents min\u00e9raux. Une activit\u00e9 manuelle se fera en fin d&rsquo;atelier.<\/span><\/p>\n","protected":false},"excerpt":{"rendered":"<p>Les min\u00e9raux, quelques propri\u00e9t\u00e9s \u00e0 l&rsquo;\u00e9tude Tout min\u00e9ral poss\u00e8de des propri\u00e9t\u00e9s physiques et chimiques qui\u00a0permettent de le distinguer des autres. Nous d\u00e9couvrirons lors de cet atelier 4 propri\u00e9t\u00e9s de diff\u00e9rents min\u00e9raux. Une activit\u00e9 manuelle se fera en fin d&rsquo;atelier.<\/p>\n","protected":false},"author":2,"featured_media":707,"parent":514,"menu_order":0,"comment_status":"closed","ping_status":"closed","template":"","meta":{"footnotes":""},"class_list":["post-591","page","type-page","status-publish","has-post-thumbnail","hentry"],"jetpack_sharing_enabled":true,"_links":{"self":[{"href":"https:\/\/sortiesnature78.com\/index.php?rest_route=\/wp\/v2\/pages\/591","targetHints":{"allow":["GET"]}}],"collection":[{"href":"https:\/\/sortiesnature78.com\/index.php?rest_route=\/wp\/v2\/pages"}],"about":[{"href":"https:\/\/sortiesnature78.com\/index.php?rest_route=\/wp\/v2\/types\/page"}],"author":[{"embeddable":true,"href":"https:\/\/sortiesnature78.com\/index.php?rest_route=\/wp\/v2\/users\/2"}],"replies":[{"embeddable":true,"href":"https:\/\/sortiesnature78.com\/index.php?rest_route=%2Fwp%2Fv2%2Fcomments&post=591"}],"version-history":[{"count":0,"href":"https:\/\/sortiesnature78.com\/index.php?rest_route=\/wp\/v2\/pages\/591\/revisions"}],"up":[{"embeddable":true,"href":"https:\/\/sortiesnature78.com\/index.php?rest_route=\/wp\/v2\/pages\/514"}],"wp:featuredmedia":[{"embeddable":true,"href":"https:\/\/sortiesnature78.com\/index.php?rest_route=\/wp\/v2\/media\/707"}],"wp:attachment":[{"href":"https:\/\/sortiesnature78.com\/index.php?rest_route=%2Fwp%2Fv2%2Fmedia&parent=591"}],"curies":[{"name":"wp","href":"https:\/\/api.w.org\/{rel}","templated":true}]}}