{"id":593,"date":"2016-07-26T13:57:05","date_gmt":"2016-07-26T13:57:05","guid":{"rendered":"https:\/\/sortiesnature78.wordpress.com\/?page_id=593"},"modified":"2016-07-26T13:57:05","modified_gmt":"2016-07-26T13:57:05","slug":"humus","status":"publish","type":"page","link":"https:\/\/sortiesnature78.com\/?page_id=593","title":{"rendered":"Humus"},"content":{"rendered":"<p><u><img loading=\"lazy\" decoding=\"async\" class=\"alignnone size-full wp-image-701\" src=\"https:\/\/sortiesnature78.files.wordpress.com\/2016\/07\/2013-03-cpn.jpg\" alt=\"2013-03-cpn\" width=\"1567\" height=\"1193\" \/>Humus<\/u><\/p>\n<p><span style=\"font-size:medium;\">Nous ferons quelques exp\u00e9riences pour d\u00e9couvrir la composition et le r\u00f4le de l&rsquo;humus, cette mati\u00e8re organique que nous trouvons notamment sur le sol des for\u00eats. Une activit\u00e9 manuelle \u00e0 partir d&rsquo;argile et d&rsquo;ocre sera propos\u00e9e en fin d&rsquo;atelier.<\/span><\/p>\n<p><span style=\"font-size:medium;\">\u00a0<\/span><\/p>\n","protected":false},"excerpt":{"rendered":"<p>Humus Nous ferons quelques exp\u00e9riences pour d\u00e9couvrir la composition et le r\u00f4le de l&rsquo;humus, cette mati\u00e8re organique que nous trouvons notamment sur le sol des for\u00eats. Une activit\u00e9 manuelle \u00e0 partir d&rsquo;argile et d&rsquo;ocre sera propos\u00e9e en fin d&rsquo;atelier. \u00a0<\/p>\n","protected":false},"author":2,"featured_media":704,"parent":514,"menu_order":0,"comment_status":"closed","ping_status":"closed","template":"","meta":{"footnotes":""},"class_list":["post-593","page","type-page","status-publish","has-post-thumbnail","hentry"],"jetpack_sharing_enabled":true,"_links":{"self":[{"href":"https:\/\/sortiesnature78.com\/index.php?rest_route=\/wp\/v2\/pages\/593","targetHints":{"allow":["GET"]}}],"collection":[{"href":"https:\/\/sortiesnature78.com\/index.php?rest_route=\/wp\/v2\/pages"}],"about":[{"href":"https:\/\/sortiesnature78.com\/index.php?rest_route=\/wp\/v2\/types\/page"}],"author":[{"embeddable":true,"href":"https:\/\/sortiesnature78.com\/index.php?rest_route=\/wp\/v2\/users\/2"}],"replies":[{"embeddable":true,"href":"https:\/\/sortiesnature78.com\/index.php?rest_route=%2Fwp%2Fv2%2Fcomments&post=593"}],"version-history":[{"count":0,"href":"https:\/\/sortiesnature78.com\/index.php?rest_route=\/wp\/v2\/pages\/593\/revisions"}],"up":[{"embeddable":true,"href":"https:\/\/sortiesnature78.com\/index.php?rest_route=\/wp\/v2\/pages\/514"}],"wp:featuredmedia":[{"embeddable":true,"href":"https:\/\/sortiesnature78.com\/index.php?rest_route=\/wp\/v2\/media\/704"}],"wp:attachment":[{"href":"https:\/\/sortiesnature78.com\/index.php?rest_route=%2Fwp%2Fv2%2Fmedia&parent=593"}],"curies":[{"name":"wp","href":"https:\/\/api.w.org\/{rel}","templated":true}]}}