{"id":595,"date":"2016-07-26T13:58:45","date_gmt":"2016-07-26T13:58:45","guid":{"rendered":"https:\/\/sortiesnature78.wordpress.com\/?page_id=595"},"modified":"2016-07-26T13:58:45","modified_gmt":"2016-07-26T13:58:45","slug":"mineraux-2","status":"publish","type":"page","link":"https:\/\/sortiesnature78.com\/?page_id=595","title":{"rendered":"Oeufs"},"content":{"rendered":"<p><u>La diversit\u00e9 des oeufs<\/u><\/p>\n<p><span style=\"font-size:medium;\">Cet atelier convient particuli\u00e8rement \u00e0 la p\u00e9riode pascale \ud83d\ude42 Nous parlerons de l\u2019\u0153uf, ce premier stade de vie d&rsquo;un individu. Au programme, une discussion, un diaporama, quelques manipulations d\u2019\u0153ufs, et une activit\u00e9 manuelle.<img loading=\"lazy\" decoding=\"async\" class=\"size-medium wp-image-567 aligncenter\" src=\"https:\/\/sortiesnature78.files.wordpress.com\/2016\/07\/2016-04-12-activitc3a9-manuelle.jpg?w=300\" alt=\"2016-04-12-activit\u00e9-manuelle\" width=\"300\" height=\"225\" srcset=\"https:\/\/sortiesnature78.com\/wp-content\/uploads\/2016\/07\/2016-04-12-activitc3a9-manuelle.jpg 1280w, https:\/\/sortiesnature78.com\/wp-content\/uploads\/2016\/07\/2016-04-12-activitc3a9-manuelle-300x225.jpg 300w, https:\/\/sortiesnature78.com\/wp-content\/uploads\/2016\/07\/2016-04-12-activitc3a9-manuelle-1024x768.jpg 1024w, https:\/\/sortiesnature78.com\/wp-content\/uploads\/2016\/07\/2016-04-12-activitc3a9-manuelle-768x576.jpg 768w\" sizes=\"auto, (max-width: 300px) 100vw, 300px\" \/><\/span><\/p>\n<p><span style=\"font-size:medium;\">\u00a0<\/span><\/p>\n","protected":false},"excerpt":{"rendered":"<p>La diversit\u00e9 des oeufs Cet atelier convient particuli\u00e8rement \u00e0 la p\u00e9riode pascale \ud83d\ude42 Nous parlerons de l\u2019\u0153uf, ce premier stade de vie d&rsquo;un individu. Au programme, une discussion, un diaporama, quelques manipulations d\u2019\u0153ufs, et une activit\u00e9 manuelle. \u00a0<\/p>\n","protected":false},"author":2,"featured_media":427,"parent":514,"menu_order":0,"comment_status":"closed","ping_status":"closed","template":"","meta":{"footnotes":""},"class_list":["post-595","page","type-page","status-publish","has-post-thumbnail","hentry"],"jetpack_sharing_enabled":true,"_links":{"self":[{"href":"https:\/\/sortiesnature78.com\/index.php?rest_route=\/wp\/v2\/pages\/595","targetHints":{"allow":["GET"]}}],"collection":[{"href":"https:\/\/sortiesnature78.com\/index.php?rest_route=\/wp\/v2\/pages"}],"about":[{"href":"https:\/\/sortiesnature78.com\/index.php?rest_route=\/wp\/v2\/types\/page"}],"author":[{"embeddable":true,"href":"https:\/\/sortiesnature78.com\/index.php?rest_route=\/wp\/v2\/users\/2"}],"replies":[{"embeddable":true,"href":"https:\/\/sortiesnature78.com\/index.php?rest_route=%2Fwp%2Fv2%2Fcomments&post=595"}],"version-history":[{"count":0,"href":"https:\/\/sortiesnature78.com\/index.php?rest_route=\/wp\/v2\/pages\/595\/revisions"}],"up":[{"embeddable":true,"href":"https:\/\/sortiesnature78.com\/index.php?rest_route=\/wp\/v2\/pages\/514"}],"wp:featuredmedia":[{"embeddable":true,"href":"https:\/\/sortiesnature78.com\/index.php?rest_route=\/wp\/v2\/media\/427"}],"wp:attachment":[{"href":"https:\/\/sortiesnature78.com\/index.php?rest_route=%2Fwp%2Fv2%2Fmedia&parent=595"}],"curies":[{"name":"wp","href":"https:\/\/api.w.org\/{rel}","templated":true}]}}