{"id":646,"date":"2016-07-29T14:02:50","date_gmt":"2016-07-29T14:02:50","guid":{"rendered":"https:\/\/sortiesnature78.wordpress.com\/?page_id=646"},"modified":"2023-12-06T21:16:19","modified_gmt":"2023-12-06T20:16:19","slug":"credit-photos","status":"publish","type":"page","link":"https:\/\/sortiesnature78.com\/?page_id=646","title":{"rendered":"Cr\u00e9dit photos"},"content":{"rendered":"<p>Les photos de ce site sont sous licence Cr\u00e9ative Commons : Attribution &#8211; Pas d\u2019Utilisation Commerciale &#8211; Pas de Modification 3.0 France (CC BY-NC-ND 3.0 FR) dont voici le r\u00e9sum\u00e9 ci-dessous et la <a href=\"https:\/\/creativecommons.org\/licenses\/by-nc-nd\/3.0\/fr\/legalcode\" target=\"_blank\" rel=\"noopener\">licence en lien<\/a>.<\/p>\n<p>Je m&rsquo;efforce d&rsquo;illustrer chaque article avec mes photos (sauf lorsqu&rsquo;il y a une mention ou un copyright) effectu\u00e9es durant mes rep\u00e9rages, des photos refl\u00e9tant en principe la saison et\/ou le lieu des sorties.<\/p>\n<p><img loading=\"lazy\" decoding=\"async\" class=\"alignnone size-full wp-image-650\" src=\"https:\/\/sortiesnature78.com\/wp-content\/uploads\/2023\/12\/resume-licence1.jpg\" alt=\"resume-licence1\" width=\"732\" height=\"560\" \/><img loading=\"lazy\" decoding=\"async\" class=\"alignnone size-full wp-image-651\" src=\"https:\/\/sortiesnature78.com\/wp-content\/uploads\/2023\/12\/resume-licence2.jpg\" alt=\"resume-licence2\" width=\"735\" height=\"222\" \/><\/p>\n<div id=\"deed-main\" dir=\"ltr\"><\/div>\n","protected":false},"excerpt":{"rendered":"<p>Les photos de ce site sont sous licence Cr\u00e9ative Commons : Attribution &#8211; Pas d\u2019Utilisation Commerciale &#8211; Pas de Modification 3.0 France (CC BY-NC-ND 3.0 FR) dont voici le r\u00e9sum\u00e9 ci-dessous et la licence en lien. Je m&rsquo;efforce d&rsquo;illustrer chaque article avec mes photos (sauf lorsqu&rsquo;il y a une mention ou un copyright) effectu\u00e9es durant&#8230; <\/p>\n<div class=\"link-more\"><a href=\"https:\/\/sortiesnature78.com\/?page_id=646\">En savoir plus<\/a><\/div>\n","protected":false},"author":2,"featured_media":0,"parent":0,"menu_order":0,"comment_status":"closed","ping_status":"closed","template":"","meta":{"footnotes":""},"class_list":["post-646","page","type-page","status-publish","hentry"],"jetpack_sharing_enabled":true,"_links":{"self":[{"href":"https:\/\/sortiesnature78.com\/index.php?rest_route=\/wp\/v2\/pages\/646","targetHints":{"allow":["GET"]}}],"collection":[{"href":"https:\/\/sortiesnature78.com\/index.php?rest_route=\/wp\/v2\/pages"}],"about":[{"href":"https:\/\/sortiesnature78.com\/index.php?rest_route=\/wp\/v2\/types\/page"}],"author":[{"embeddable":true,"href":"https:\/\/sortiesnature78.com\/index.php?rest_route=\/wp\/v2\/users\/2"}],"replies":[{"embeddable":true,"href":"https:\/\/sortiesnature78.com\/index.php?rest_route=%2Fwp%2Fv2%2Fcomments&post=646"}],"version-history":[{"count":1,"href":"https:\/\/sortiesnature78.com\/index.php?rest_route=\/wp\/v2\/pages\/646\/revisions"}],"predecessor-version":[{"id":7068,"href":"https:\/\/sortiesnature78.com\/index.php?rest_route=\/wp\/v2\/pages\/646\/revisions\/7068"}],"wp:attachment":[{"href":"https:\/\/sortiesnature78.com\/index.php?rest_route=%2Fwp%2Fv2%2Fmedia&parent=646"}],"curies":[{"name":"wp","href":"https:\/\/api.w.org\/{rel}","templated":true}]}}