{"id":6530,"date":"2016-05-22T11:50:59","date_gmt":"2016-05-22T11:50:59","guid":{"rendered":"https:\/\/sortiesnature78.wordpress.com\/about\/"},"modified":"2025-11-11T15:02:36","modified_gmt":"2025-11-11T14:02:36","slug":"about","status":"publish","type":"page","link":"https:\/\/sortiesnature78.com\/?page_id=6530","title":{"rendered":"Qui suis-je ?"},"content":{"rendered":"<blockquote>\n<p><img loading=\"lazy\" decoding=\"async\" class=\"  wp-image-4094 aligncenter\" src=\"http:\/\/sortiesnature78.com\/wp-content\/uploads\/2019\/03\/2019-03-02-sb.jpg\" alt=\"2019-03-02-sb\" width=\"352\" height=\"352\" srcset=\"https:\/\/sortiesnature78.com\/wp-content\/uploads\/2019\/03\/2019-03-02-sb.jpg 1200w, https:\/\/sortiesnature78.com\/wp-content\/uploads\/2019\/03\/2019-03-02-sb-300x300.jpg 300w, https:\/\/sortiesnature78.com\/wp-content\/uploads\/2019\/03\/2019-03-02-sb-1024x1024.jpg 1024w, https:\/\/sortiesnature78.com\/wp-content\/uploads\/2019\/03\/2019-03-02-sb-150x150.jpg 150w, https:\/\/sortiesnature78.com\/wp-content\/uploads\/2019\/03\/2019-03-02-sb-768x768.jpg 768w\" sizes=\"auto, (max-width: 352px) 100vw, 352px\" \/><\/p>\n<p>Passionn\u00e9e par les petites b\u00eates, fascin\u00e9e par les oiseaux, j&rsquo;aime partir \u00e0 la rencontre des animaux, raconter aux enfants ce qui se passe sous nos yeux et mettre \u00e0 port\u00e9e de main ce que mes observations, mes \u00e9tudes, mon entourage ou des sp\u00e9cialistes m&rsquo;ont apport\u00e9.<img loading=\"lazy\" decoding=\"async\" class=\"wp-image-286 aligncenter\" src=\"https:\/\/sortiesnature78.com\/wp-content\/uploads\/2023\/12\/sortie.jpg\" alt=\"sortie.jpg\" width=\"259\" height=\"265\" \/><br \/>Naturaliste depuis plus de 20 ans, docteure en biologie, j&rsquo;ai anim\u00e9 d\u00e8s 2010 des sorties au sein d&rsquo;un club <a href=\"https:\/\/lesescarbots.wordpress.com\/\">\u00ab Conna\u00eetre et Prot\u00e9ger la Nature \u00bb<\/a>.<\/p>\n<p><img loading=\"lazy\" decoding=\"async\" class=\"wp-image-6027 aligncenter\" src=\"https:\/\/sortiesnature78.com\/wp-content\/uploads\/2023\/12\/flo_8371.jpg\" alt=\"FLO_8371\" width=\"565\" height=\"853\" \/><br \/>Actuellement, je propose des sorties nature dans les Yvelines et aux alentours pour diff\u00e9rents publics ; entreprises, associations, sorties inclusives avec interpr\u00e8te LSF, sorties familiales ou pour groupes d&rsquo;enfants afin de vous faire (re)d\u00e9couvrir toutes les richesses naturelles locales.<\/p>\n<p><a href=\"https:\/\/www.parc-naturel-chevreuse.fr\/voir-faire\/visites-accompagnees\/guides-de-parc\/qui-sommes-nous\" target=\"_blank\" rel=\"noopener\">Guide de Parc<\/a> depuis 2018, au sein du PNR de la Haute Vall\u00e9e de Chevreuse, je parcours les 55 communes et propose <a href=\"https:\/\/www.parc-naturel-chevreuse.fr\/balades-des-guides-de-parc\" target=\"_blank\" rel=\"noopener\">diff\u00e9rentes balades<\/a> pour individuels sur ce territoire.<\/p>\n<p><a href=\"https:\/\/www.sortie-nature.fr\/\" target=\"_blank\" rel=\"noopener\">Guide Nature Qualinat<\/a>, j&rsquo;ai int\u00e9gr\u00e9 cette \u00e9quipe et obtenu le label \u00ab\u00a0Qualit\u00e9 Tourisme\u00a0\u00bb en d\u00e9cembre 2022. En janvier 2025, ce label se nomme<a href=\"https:\/\/www.atout-france.fr\/fr\/destination-dexcellence\" target=\"_blank\" rel=\"noopener\"> \u00ab\u00a0Destination d&rsquo;excellence\u00a0\u00bb<\/a>.<\/p>\n<\/blockquote>\n\n\n<p class=\"has-text-align-center\">Les commentaires sur mes sorties :<\/p>\n\n\n\n<div id='econature-widget' data-comments='all'><\/div>\n\n\n\n<figure class=\"wp-block-image size-full\"><img loading=\"lazy\" decoding=\"async\" width=\"900\" height=\"400\" src=\"http:\/\/sortiesnature78.com\/wp-content\/uploads\/2023\/12\/logoeconaturedesc.png\" alt=\"\" class=\"wp-image-6995\" srcset=\"https:\/\/sortiesnature78.com\/wp-content\/uploads\/2023\/12\/logoeconaturedesc.png 900w, https:\/\/sortiesnature78.com\/wp-content\/uploads\/2023\/12\/logoeconaturedesc-300x133.png 300w, https:\/\/sortiesnature78.com\/wp-content\/uploads\/2023\/12\/logoeconaturedesc-768x341.png 768w, https:\/\/sortiesnature78.com\/wp-content\/uploads\/2023\/12\/logoeconaturedesc-600x267.png 600w\" sizes=\"auto, (max-width: 900px) 100vw, 900px\" \/><\/figure>\n\n\n\n<p>Vous trouverez les dates de mes prochaines sorties nature sur la plateforme <a href=\"https:\/\/www.eco-nature.org\/\" data-type=\"link\" data-id=\"https:\/\/www.eco-nature.org\/\" target=\"_blank\" rel=\"noreferrer noopener\">Eco-Nature<\/a> et sur la page <a href=\"https:\/\/sortiesnature78.com\/?page_id=6500&amp;econature_lat=48.6704&amp;econature_lng=1.8722&amp;econature_zoom=10.00&amp;econature_pathname=listMap\" target=\"_blank\" rel=\"noreferrer noopener\">Agenda<\/a> de mon site.<\/p>\n\n\n\n<figure class=\"wp-block-image size-large\"><img loading=\"lazy\" decoding=\"async\" width=\"902\" height=\"1024\" src=\"https:\/\/sortiesnature78.com\/wp-content\/uploads\/2024\/12\/Destination-E_RVB-902x1024.jpg\" alt=\"\" class=\"wp-image-7839\" srcset=\"https:\/\/sortiesnature78.com\/wp-content\/uploads\/2024\/12\/Destination-E_RVB-902x1024.jpg 902w, https:\/\/sortiesnature78.com\/wp-content\/uploads\/2024\/12\/Destination-E_RVB-264x300.jpg 264w, https:\/\/sortiesnature78.com\/wp-content\/uploads\/2024\/12\/Destination-E_RVB-768x872.jpg 768w, https:\/\/sortiesnature78.com\/wp-content\/uploads\/2024\/12\/Destination-E_RVB-1352x1536.jpg 1352w, https:\/\/sortiesnature78.com\/wp-content\/uploads\/2024\/12\/Destination-E_RVB-1803x2048.jpg 1803w\" sizes=\"auto, (max-width: 902px) 100vw, 902px\" \/><\/figure>\n\n\n<p>J&rsquo;ai anim\u00e9 des Ateliers Nature au sein de l&rsquo;<a href=\"http:\/\/lechoppe.blogspirit.com\/\">Echoppe<\/a> \u00e0 Sonchamp, qui permettent d&rsquo;appr\u00e9hender l&rsquo;environnement sous forme de jeux et d&rsquo;activit\u00e9s cr\u00e9atives.<\/p>\n<\/blockquote>\n<p>Solen Boivin<\/p>","protected":false},"excerpt":{"rendered":"<p>This is just a short excerpt for the about&nbsp;page.<\/p>\n","protected":false},"author":2,"featured_media":5833,"parent":0,"menu_order":1,"comment_status":"closed","ping_status":"closed","template":"","meta":{"footnotes":""},"class_list":["post-6530","page","type-page","status-publish","has-post-thumbnail","hentry"],"jetpack_sharing_enabled":false,"_links":{"self":[{"href":"https:\/\/sortiesnature78.com\/index.php?rest_route=\/wp\/v2\/pages\/6530","targetHints":{"allow":["GET"]}}],"collection":[{"href":"https:\/\/sortiesnature78.com\/index.php?rest_route=\/wp\/v2\/pages"}],"about":[{"href":"https:\/\/sortiesnature78.com\/index.php?rest_route=\/wp\/v2\/types\/page"}],"author":[{"embeddable":true,"href":"https:\/\/sortiesnature78.com\/index.php?rest_route=\/wp\/v2\/users\/2"}],"replies":[{"embeddable":true,"href":"https:\/\/sortiesnature78.com\/index.php?rest_route=%2Fwp%2Fv2%2Fcomments&post=6530"}],"version-history":[{"count":13,"href":"https:\/\/sortiesnature78.com\/index.php?rest_route=\/wp\/v2\/pages\/6530\/revisions"}],"predecessor-version":[{"id":8070,"href":"https:\/\/sortiesnature78.com\/index.php?rest_route=\/wp\/v2\/pages\/6530\/revisions\/8070"}],"wp:featuredmedia":[{"embeddable":true,"href":"https:\/\/sortiesnature78.com\/index.php?rest_route=\/wp\/v2\/media\/5833"}],"wp:attachment":[{"href":"https:\/\/sortiesnature78.com\/index.php?rest_route=%2Fwp%2Fv2%2Fmedia&parent=6530"}],"curies":[{"name":"wp","href":"https:\/\/api.w.org\/{rel}","templated":true}]}}