{"id":660,"date":"2016-07-29T14:15:04","date_gmt":"2016-07-29T14:15:04","guid":{"rendered":"https:\/\/sortiesnature78.wordpress.com\/?page_id=660"},"modified":"2025-11-11T15:46:18","modified_gmt":"2025-11-11T14:46:18","slug":"animations-passees","status":"publish","type":"page","link":"https:\/\/sortiesnature78.com\/?page_id=660","title":{"rendered":"Animations pass\u00e9es"},"content":{"rendered":"\n<div id='econature-widget' data-comments='all'><\/div>\n\n\n<p>Cette partie du site contient diff\u00e9rents bilans de Sorties Nature et d&rsquo;Ateliers Nature qui ont d\u00e9j\u00e0 eu lieu.<\/p>\n<p><img loading=\"lazy\" decoding=\"async\" class=\"alignnone size-large wp-image-198\" src=\"https:\/\/sortiesnature78.com\/wp-content\/uploads\/2025\/11\/sphaerophoria-scripta.jpg\" alt=\"sphaerophoria-scripta\" width=\"768\" height=\"1024\" \/><\/p>","protected":false},"excerpt":{"rendered":"<p>Cette partie du site contient diff\u00e9rents bilans de Sorties Nature et d&rsquo;Ateliers Nature qui ont d\u00e9j\u00e0 eu lieu.<\/p>\n","protected":false},"author":2,"featured_media":275,"parent":208,"menu_order":0,"comment_status":"closed","ping_status":"closed","template":"","meta":{"footnotes":""},"class_list":["post-660","page","type-page","status-publish","has-post-thumbnail","hentry"],"jetpack_sharing_enabled":true,"_links":{"self":[{"href":"https:\/\/sortiesnature78.com\/index.php?rest_route=\/wp\/v2\/pages\/660","targetHints":{"allow":["GET"]}}],"collection":[{"href":"https:\/\/sortiesnature78.com\/index.php?rest_route=\/wp\/v2\/pages"}],"about":[{"href":"https:\/\/sortiesnature78.com\/index.php?rest_route=\/wp\/v2\/types\/page"}],"author":[{"embeddable":true,"href":"https:\/\/sortiesnature78.com\/index.php?rest_route=\/wp\/v2\/users\/2"}],"replies":[{"embeddable":true,"href":"https:\/\/sortiesnature78.com\/index.php?rest_route=%2Fwp%2Fv2%2Fcomments&post=660"}],"version-history":[{"count":2,"href":"https:\/\/sortiesnature78.com\/index.php?rest_route=\/wp\/v2\/pages\/660\/revisions"}],"predecessor-version":[{"id":8077,"href":"https:\/\/sortiesnature78.com\/index.php?rest_route=\/wp\/v2\/pages\/660\/revisions\/8077"}],"up":[{"embeddable":true,"href":"https:\/\/sortiesnature78.com\/index.php?rest_route=\/wp\/v2\/pages\/208"}],"wp:featuredmedia":[{"embeddable":true,"href":"https:\/\/sortiesnature78.com\/index.php?rest_route=\/wp\/v2\/media\/275"}],"wp:attachment":[{"href":"https:\/\/sortiesnature78.com\/index.php?rest_route=%2Fwp%2Fv2%2Fmedia&parent=660"}],"curies":[{"name":"wp","href":"https:\/\/api.w.org\/{rel}","templated":true}]}}